{"id":2117,"date":"2024-06-07T10:57:40","date_gmt":"2024-06-07T10:57:40","guid":{"rendered":"https:\/\/metrecubic.com\/producto\/kits-demballage-pack-s\/"},"modified":"2024-08-02T15:48:12","modified_gmt":"2024-08-02T15:48:12","slug":"kits-demballage-pack-s","status":"publish","type":"product","link":"https:\/\/metrecubic.com\/fr\/produit\/kits-demballage-pack-s\/","title":{"rendered":"Kits d&#8217;emballage Pack S"},"content":{"rendered":"<p>Les kits d&#8217;emballage Pack S D\u00e9m\u00e9nagement incluent 5 petits cartons, 5 cartons moyens, 5 grands cartons et du ruban adh\u00e9sif.<\/p>\n","protected":false},"excerpt":{"rendered":"<p>Les kits d&#8217;emballage Pack S D\u00e9m\u00e9nagement incluent 5 petits cartons, 5 cartons moyens, 5 grands cartons et du ruban adh\u00e9sif.<\/p>\n","protected":false},"featured_media":1085,"template":"","meta":{"_acf_changed":false},"product_brand":[],"product_cat":[80,73],"product_tag":[],"class_list":{"0":"post-2117","1":"product","2":"type-product","3":"status-publish","4":"has-post-thumbnail","6":"product_cat-trousses","7":"product_cat-kits-et-housses-de-protection","9":"first","10":"instock","11":"taxable","12":"shipping-taxable","13":"purchasable","14":"product-type-simple"},"acf":[],"yoast_head":"<!-- This site is optimized with the Yoast SEO plugin v27.4 - https:\/\/yoast.com\/product\/yoast-seo-wordpress\/ -->\n<title>Kits d&#039;emballage Pack S - METRECUBIC<\/title>\n<meta name=\"robots\" content=\"index, follow, max-snippet:-1, max-image-preview:large, max-video-preview:-1\" \/>\n<link rel=\"canonical\" href=\"https:\/\/metrecubic.com\/fr\/produit\/kits-demballage-pack-s\/\" \/>\n<meta property=\"og:locale\" content=\"fr_FR\" \/>\n<meta property=\"og:type\" content=\"article\" \/>\n<meta property=\"og:title\" content=\"Kits d&#039;emballage Pack S - METRECUBIC\" \/>\n<meta property=\"og:description\" content=\"Les kits d&#8217;emballage Pack S D\u00e9m\u00e9nagement incluent 5 petits cartons, 5 cartons moyens, 5 grands cartons et du ruban adh\u00e9sif.\" \/>\n<meta property=\"og:url\" content=\"https:\/\/metrecubic.com\/fr\/produit\/kits-demballage-pack-s\/\" \/>\n<meta property=\"og:site_name\" content=\"METRECUBIC\" \/>\n<meta property=\"article:modified_time\" content=\"2024-08-02T15:48:12+00:00\" \/>\n<meta property=\"og:image\" content=\"https:\/\/metrecubic.com\/wp-content\/uploads\/Pack-M-mudanca-1.webp\" \/>\n\t<meta property=\"og:image:width\" content=\"1080\" \/>\n\t<meta property=\"og:image:height\" content=\"1350\" \/>\n\t<meta property=\"og:image:type\" content=\"image\/webp\" \/>\n<meta name=\"twitter:card\" content=\"summary_large_image\" \/>\n<script type=\"application\/ld+json\" class=\"yoast-schema-graph\">{\"@context\":\"https:\\\/\\\/schema.org\",\"@graph\":[{\"@type\":\"WebPage\",\"@id\":\"https:\\\/\\\/metrecubic.com\\\/fr\\\/produit\\\/kits-demballage-pack-s\\\/\",\"url\":\"https:\\\/\\\/metrecubic.com\\\/fr\\\/produit\\\/kits-demballage-pack-s\\\/\",\"name\":\"Kits d'emballage Pack S - METRECUBIC\",\"isPartOf\":{\"@id\":\"https:\\\/\\\/metrecubic.com\\\/fr\\\/#website\"},\"primaryImageOfPage\":{\"@id\":\"https:\\\/\\\/metrecubic.com\\\/fr\\\/produit\\\/kits-demballage-pack-s\\\/#primaryimage\"},\"image\":{\"@id\":\"https:\\\/\\\/metrecubic.com\\\/fr\\\/produit\\\/kits-demballage-pack-s\\\/#primaryimage\"},\"thumbnailUrl\":\"https:\\\/\\\/metrecubic.com\\\/wp-content\\\/uploads\\\/Pack-M-mudanca-1.webp\",\"datePublished\":\"2024-06-07T10:57:40+00:00\",\"dateModified\":\"2024-08-02T15:48:12+00:00\",\"breadcrumb\":{\"@id\":\"https:\\\/\\\/metrecubic.com\\\/fr\\\/produit\\\/kits-demballage-pack-s\\\/#breadcrumb\"},\"inLanguage\":\"fr-FR\",\"potentialAction\":[{\"@type\":\"ReadAction\",\"target\":[\"https:\\\/\\\/metrecubic.com\\\/fr\\\/produit\\\/kits-demballage-pack-s\\\/\"]}]},{\"@type\":\"ImageObject\",\"inLanguage\":\"fr-FR\",\"@id\":\"https:\\\/\\\/metrecubic.com\\\/fr\\\/produit\\\/kits-demballage-pack-s\\\/#primaryimage\",\"url\":\"https:\\\/\\\/metrecubic.com\\\/wp-content\\\/uploads\\\/Pack-M-mudanca-1.webp\",\"contentUrl\":\"https:\\\/\\\/metrecubic.com\\\/wp-content\\\/uploads\\\/Pack-M-mudanca-1.webp\",\"width\":1080,\"height\":1350},{\"@type\":\"BreadcrumbList\",\"@id\":\"https:\\\/\\\/metrecubic.com\\\/fr\\\/produit\\\/kits-demballage-pack-s\\\/#breadcrumb\",\"itemListElement\":[{\"@type\":\"ListItem\",\"position\":1,\"name\":\"Portada\",\"item\":\"https:\\\/\\\/metrecubic.com\\\/fr\\\/\"},{\"@type\":\"ListItem\",\"position\":2,\"name\":\"VENTE DE BO\u00ceTES ET D&#8217;EMBALLAGES\",\"item\":\"https:\\\/\\\/metrecubic.com\\\/fr\\\/boutique\\\/\"},{\"@type\":\"ListItem\",\"position\":3,\"name\":\"Kits d&#8217;emballage Pack S\"}]},{\"@type\":\"WebSite\",\"@id\":\"https:\\\/\\\/metrecubic.com\\\/fr\\\/#website\",\"url\":\"https:\\\/\\\/metrecubic.com\\\/fr\\\/\",\"name\":\"METRECUBIC\",\"description\":\"Mudanzas y trasteros Sabadell y Girona\",\"publisher\":{\"@id\":\"https:\\\/\\\/metrecubic.com\\\/fr\\\/#organization\"},\"potentialAction\":[{\"@type\":\"SearchAction\",\"target\":{\"@type\":\"EntryPoint\",\"urlTemplate\":\"https:\\\/\\\/metrecubic.com\\\/fr\\\/?s={search_term_string}\"},\"query-input\":{\"@type\":\"PropertyValueSpecification\",\"valueRequired\":true,\"valueName\":\"search_term_string\"}}],\"inLanguage\":\"fr-FR\"},{\"@type\":\"Organization\",\"@id\":\"https:\\\/\\\/metrecubic.com\\\/fr\\\/#organization\",\"name\":\"METRECUBIC\",\"url\":\"https:\\\/\\\/metrecubic.com\\\/fr\\\/\",\"logo\":{\"@type\":\"ImageObject\",\"inLanguage\":\"fr-FR\",\"@id\":\"https:\\\/\\\/metrecubic.com\\\/fr\\\/#\\\/schema\\\/logo\\\/image\\\/\",\"url\":\"https:\\\/\\\/metrecubic.com\\\/wp-content\\\/uploads\\\/logo-metrecubic.png\",\"contentUrl\":\"https:\\\/\\\/metrecubic.com\\\/wp-content\\\/uploads\\\/logo-metrecubic.png\",\"width\":159,\"height\":159,\"caption\":\"METRECUBIC\"},\"image\":{\"@id\":\"https:\\\/\\\/metrecubic.com\\\/fr\\\/#\\\/schema\\\/logo\\\/image\\\/\"}}]}<\/script>\n<!-- \/ Yoast SEO plugin. -->","yoast_head_json":{"title":"Kits d'emballage Pack S - METRECUBIC","robots":{"index":"index","follow":"follow","max-snippet":"max-snippet:-1","max-image-preview":"max-image-preview:large","max-video-preview":"max-video-preview:-1"},"canonical":"https:\/\/metrecubic.com\/fr\/produit\/kits-demballage-pack-s\/","og_locale":"fr_FR","og_type":"article","og_title":"Kits d'emballage Pack S - METRECUBIC","og_description":"Les kits d&#8217;emballage Pack S D\u00e9m\u00e9nagement incluent 5 petits cartons, 5 cartons moyens, 5 grands cartons et du ruban adh\u00e9sif.","og_url":"https:\/\/metrecubic.com\/fr\/produit\/kits-demballage-pack-s\/","og_site_name":"METRECUBIC","article_modified_time":"2024-08-02T15:48:12+00:00","og_image":[{"width":1080,"height":1350,"url":"https:\/\/metrecubic.com\/wp-content\/uploads\/Pack-M-mudanca-1.webp","type":"image\/webp"}],"twitter_card":"summary_large_image","schema":{"@context":"https:\/\/schema.org","@graph":[{"@type":"WebPage","@id":"https:\/\/metrecubic.com\/fr\/produit\/kits-demballage-pack-s\/","url":"https:\/\/metrecubic.com\/fr\/produit\/kits-demballage-pack-s\/","name":"Kits d'emballage Pack S - METRECUBIC","isPartOf":{"@id":"https:\/\/metrecubic.com\/fr\/#website"},"primaryImageOfPage":{"@id":"https:\/\/metrecubic.com\/fr\/produit\/kits-demballage-pack-s\/#primaryimage"},"image":{"@id":"https:\/\/metrecubic.com\/fr\/produit\/kits-demballage-pack-s\/#primaryimage"},"thumbnailUrl":"https:\/\/metrecubic.com\/wp-content\/uploads\/Pack-M-mudanca-1.webp","datePublished":"2024-06-07T10:57:40+00:00","dateModified":"2024-08-02T15:48:12+00:00","breadcrumb":{"@id":"https:\/\/metrecubic.com\/fr\/produit\/kits-demballage-pack-s\/#breadcrumb"},"inLanguage":"fr-FR","potentialAction":[{"@type":"ReadAction","target":["https:\/\/metrecubic.com\/fr\/produit\/kits-demballage-pack-s\/"]}]},{"@type":"ImageObject","inLanguage":"fr-FR","@id":"https:\/\/metrecubic.com\/fr\/produit\/kits-demballage-pack-s\/#primaryimage","url":"https:\/\/metrecubic.com\/wp-content\/uploads\/Pack-M-mudanca-1.webp","contentUrl":"https:\/\/metrecubic.com\/wp-content\/uploads\/Pack-M-mudanca-1.webp","width":1080,"height":1350},{"@type":"BreadcrumbList","@id":"https:\/\/metrecubic.com\/fr\/produit\/kits-demballage-pack-s\/#breadcrumb","itemListElement":[{"@type":"ListItem","position":1,"name":"Portada","item":"https:\/\/metrecubic.com\/fr\/"},{"@type":"ListItem","position":2,"name":"VENTE DE BO\u00ceTES ET D&#8217;EMBALLAGES","item":"https:\/\/metrecubic.com\/fr\/boutique\/"},{"@type":"ListItem","position":3,"name":"Kits d&#8217;emballage Pack S"}]},{"@type":"WebSite","@id":"https:\/\/metrecubic.com\/fr\/#website","url":"https:\/\/metrecubic.com\/fr\/","name":"METRECUBIC","description":"Mudanzas y trasteros Sabadell y Girona","publisher":{"@id":"https:\/\/metrecubic.com\/fr\/#organization"},"potentialAction":[{"@type":"SearchAction","target":{"@type":"EntryPoint","urlTemplate":"https:\/\/metrecubic.com\/fr\/?s={search_term_string}"},"query-input":{"@type":"PropertyValueSpecification","valueRequired":true,"valueName":"search_term_string"}}],"inLanguage":"fr-FR"},{"@type":"Organization","@id":"https:\/\/metrecubic.com\/fr\/#organization","name":"METRECUBIC","url":"https:\/\/metrecubic.com\/fr\/","logo":{"@type":"ImageObject","inLanguage":"fr-FR","@id":"https:\/\/metrecubic.com\/fr\/#\/schema\/logo\/image\/","url":"https:\/\/metrecubic.com\/wp-content\/uploads\/logo-metrecubic.png","contentUrl":"https:\/\/metrecubic.com\/wp-content\/uploads\/logo-metrecubic.png","width":159,"height":159,"caption":"METRECUBIC"},"image":{"@id":"https:\/\/metrecubic.com\/fr\/#\/schema\/logo\/image\/"}}]}},"tiered_pricing_type":"fixed","tiered_pricing_fixed_rules":[],"tiered_pricing_product_settings":{"layout":"default","base_unit_name":{"singular":null,"plural":null},"default_variation":null},"tiered_pricing_minimum_quantity":null,"tiered_pricing_roles_data":[],"tiered_pricing_percentage_rules":[],"_links":{"self":[{"href":"https:\/\/metrecubic.com\/fr\/wp-json\/wp\/v2\/product\/2117","targetHints":{"allow":["GET"]}}],"collection":[{"href":"https:\/\/metrecubic.com\/fr\/wp-json\/wp\/v2\/product"}],"about":[{"href":"https:\/\/metrecubic.com\/fr\/wp-json\/wp\/v2\/types\/product"}],"wp:featuredmedia":[{"embeddable":true,"href":"https:\/\/metrecubic.com\/fr\/wp-json\/wp\/v2\/media\/1085"}],"wp:attachment":[{"href":"https:\/\/metrecubic.com\/fr\/wp-json\/wp\/v2\/media?parent=2117"}],"wp:term":[{"taxonomy":"product_brand","embeddable":true,"href":"https:\/\/metrecubic.com\/fr\/wp-json\/wp\/v2\/product_brand?post=2117"},{"taxonomy":"product_cat","embeddable":true,"href":"https:\/\/metrecubic.com\/fr\/wp-json\/wp\/v2\/product_cat?post=2117"},{"taxonomy":"product_tag","embeddable":true,"href":"https:\/\/metrecubic.com\/fr\/wp-json\/wp\/v2\/product_tag?post=2117"}],"curies":[{"name":"wp","href":"https:\/\/api.w.org\/{rel}","templated":true}]}}