{"id":2108,"date":"2024-06-05T09:49:43","date_gmt":"2024-06-05T09:49:43","guid":{"rendered":"https:\/\/metrecubic.com\/producto\/boite-en-carton-autonome-medium\/"},"modified":"2024-08-02T15:48:05","modified_gmt":"2024-08-02T15:48:05","slug":"boite-en-carton-autonome-medium","status":"publish","type":"product","link":"https:\/\/metrecubic.com\/fr\/produit\/boite-en-carton-autonome-medium\/","title":{"rendered":"Carton Automatique Moyen"},"content":{"rendered":"<p>Le Carton Automatique de taille moyenne de Metrecubic est parfait pour ranger des objets de taille moyenne, des v\u00eatements, des ustensiles de cuisine, de la d\u00e9coration&#8230;<\/p>\n<p>Il est fabriqu\u00e9 en carton renforc\u00e9 et est 100 % recyclable.<\/p>\n","protected":false},"excerpt":{"rendered":"<p>Nos Cartons Automatiques Moyens ne n\u00e9cessitent pas de ruban adh\u00e9sif pour \u00eatre ferm\u00e9s, leurs rabats peuvent \u00eatre ouverts et ferm\u00e9s autant de fois que vous le souhaitez, ils disposent de trous lat\u00e9raux pour faciliter la manipulation, sont r\u00e9utilisables et faciles \u00e0 plier une fois vides.<\/p>\n<p><em>Prix indiqu\u00e9 \u00e0 l&rsquo;unit\u00e9.<\/em><\/p>\n","protected":false},"featured_media":1019,"template":"","meta":{"_acf_changed":false},"product_brand":[],"product_cat":[76,72],"product_tag":[],"class_list":{"0":"post-2108","1":"product","2":"type-product","3":"status-publish","4":"has-post-thumbnail","6":"product_cat-cartons-monter-soi-meme","7":"product_cat-des-boites","9":"first","10":"instock","11":"taxable","12":"shipping-taxable","13":"purchasable","14":"product-type-simple"},"acf":[],"yoast_head":"<!-- This site is optimized with the Yoast SEO plugin v27.5 - https:\/\/yoast.com\/product\/yoast-seo-wordpress\/ -->\n<title>Carton Automatique Moyen - METRECUBIC<\/title>\n<meta name=\"robots\" content=\"index, follow, max-snippet:-1, max-image-preview:large, max-video-preview:-1\" \/>\n<link rel=\"canonical\" href=\"https:\/\/metrecubic.com\/fr\/produit\/boite-en-carton-autonome-medium\/\" \/>\n<meta property=\"og:locale\" content=\"fr_FR\" \/>\n<meta property=\"og:type\" content=\"article\" \/>\n<meta property=\"og:title\" content=\"Carton Automatique Moyen - METRECUBIC\" \/>\n<meta property=\"og:description\" content=\"Nos Cartons Automatiques Moyens ne n\u00e9cessitent pas de ruban adh\u00e9sif pour \u00eatre ferm\u00e9s, leurs rabats peuvent \u00eatre ouverts et ferm\u00e9s autant de fois que vous le souhaitez, ils disposent de trous lat\u00e9raux pour faciliter la manipulation, sont r\u00e9utilisables et faciles \u00e0 plier une fois vides. Prix indiqu\u00e9 \u00e0 l&#039;unit\u00e9.\" \/>\n<meta property=\"og:url\" content=\"https:\/\/metrecubic.com\/fr\/produit\/boite-en-carton-autonome-medium\/\" \/>\n<meta property=\"og:site_name\" content=\"METRECUBIC\" \/>\n<meta property=\"article:modified_time\" content=\"2024-08-02T15:48:05+00:00\" \/>\n<meta property=\"og:image\" content=\"https:\/\/metrecubic.com\/wp-content\/uploads\/metre-cubic-trasteros-y-mudanzas-caja-automontable-grande-ok.webp\" \/>\n\t<meta property=\"og:image:width\" content=\"850\" \/>\n\t<meta property=\"og:image:height\" content=\"850\" \/>\n\t<meta property=\"og:image:type\" content=\"image\/webp\" \/>\n<meta name=\"twitter:card\" content=\"summary_large_image\" \/>\n<script type=\"application\/ld+json\" class=\"yoast-schema-graph\">{\"@context\":\"https:\\\/\\\/schema.org\",\"@graph\":[{\"@type\":\"WebPage\",\"@id\":\"https:\\\/\\\/metrecubic.com\\\/fr\\\/produit\\\/boite-en-carton-autonome-medium\\\/\",\"url\":\"https:\\\/\\\/metrecubic.com\\\/fr\\\/produit\\\/boite-en-carton-autonome-medium\\\/\",\"name\":\"Carton Automatique Moyen - METRECUBIC\",\"isPartOf\":{\"@id\":\"https:\\\/\\\/metrecubic.com\\\/fr\\\/#website\"},\"primaryImageOfPage\":{\"@id\":\"https:\\\/\\\/metrecubic.com\\\/fr\\\/produit\\\/boite-en-carton-autonome-medium\\\/#primaryimage\"},\"image\":{\"@id\":\"https:\\\/\\\/metrecubic.com\\\/fr\\\/produit\\\/boite-en-carton-autonome-medium\\\/#primaryimage\"},\"thumbnailUrl\":\"https:\\\/\\\/metrecubic.com\\\/wp-content\\\/uploads\\\/metre-cubic-trasteros-y-mudanzas-caja-automontable-grande-ok.webp\",\"datePublished\":\"2024-06-05T09:49:43+00:00\",\"dateModified\":\"2024-08-02T15:48:05+00:00\",\"breadcrumb\":{\"@id\":\"https:\\\/\\\/metrecubic.com\\\/fr\\\/produit\\\/boite-en-carton-autonome-medium\\\/#breadcrumb\"},\"inLanguage\":\"fr-FR\",\"potentialAction\":[{\"@type\":\"ReadAction\",\"target\":[\"https:\\\/\\\/metrecubic.com\\\/fr\\\/produit\\\/boite-en-carton-autonome-medium\\\/\"]}]},{\"@type\":\"ImageObject\",\"inLanguage\":\"fr-FR\",\"@id\":\"https:\\\/\\\/metrecubic.com\\\/fr\\\/produit\\\/boite-en-carton-autonome-medium\\\/#primaryimage\",\"url\":\"https:\\\/\\\/metrecubic.com\\\/wp-content\\\/uploads\\\/metre-cubic-trasteros-y-mudanzas-caja-automontable-grande-ok.webp\",\"contentUrl\":\"https:\\\/\\\/metrecubic.com\\\/wp-content\\\/uploads\\\/metre-cubic-trasteros-y-mudanzas-caja-automontable-grande-ok.webp\",\"width\":850,\"height\":850},{\"@type\":\"BreadcrumbList\",\"@id\":\"https:\\\/\\\/metrecubic.com\\\/fr\\\/produit\\\/boite-en-carton-autonome-medium\\\/#breadcrumb\",\"itemListElement\":[{\"@type\":\"ListItem\",\"position\":1,\"name\":\"Portada\",\"item\":\"https:\\\/\\\/metrecubic.com\\\/fr\\\/\"},{\"@type\":\"ListItem\",\"position\":2,\"name\":\"VENTE DE BO\u00ceTES ET D&#8217;EMBALLAGES\",\"item\":\"https:\\\/\\\/metrecubic.com\\\/fr\\\/boutique\\\/\"},{\"@type\":\"ListItem\",\"position\":3,\"name\":\"Carton Automatique Moyen\"}]},{\"@type\":\"WebSite\",\"@id\":\"https:\\\/\\\/metrecubic.com\\\/fr\\\/#website\",\"url\":\"https:\\\/\\\/metrecubic.com\\\/fr\\\/\",\"name\":\"METRECUBIC\",\"description\":\"Mudanzas y trasteros Sabadell y Girona\",\"publisher\":{\"@id\":\"https:\\\/\\\/metrecubic.com\\\/fr\\\/#organization\"},\"potentialAction\":[{\"@type\":\"SearchAction\",\"target\":{\"@type\":\"EntryPoint\",\"urlTemplate\":\"https:\\\/\\\/metrecubic.com\\\/fr\\\/?s={search_term_string}\"},\"query-input\":{\"@type\":\"PropertyValueSpecification\",\"valueRequired\":true,\"valueName\":\"search_term_string\"}}],\"inLanguage\":\"fr-FR\"},{\"@type\":\"Organization\",\"@id\":\"https:\\\/\\\/metrecubic.com\\\/fr\\\/#organization\",\"name\":\"METRECUBIC\",\"url\":\"https:\\\/\\\/metrecubic.com\\\/fr\\\/\",\"logo\":{\"@type\":\"ImageObject\",\"inLanguage\":\"fr-FR\",\"@id\":\"https:\\\/\\\/metrecubic.com\\\/fr\\\/#\\\/schema\\\/logo\\\/image\\\/\",\"url\":\"https:\\\/\\\/metrecubic.com\\\/wp-content\\\/uploads\\\/logo-metrecubic.png\",\"contentUrl\":\"https:\\\/\\\/metrecubic.com\\\/wp-content\\\/uploads\\\/logo-metrecubic.png\",\"width\":159,\"height\":159,\"caption\":\"METRECUBIC\"},\"image\":{\"@id\":\"https:\\\/\\\/metrecubic.com\\\/fr\\\/#\\\/schema\\\/logo\\\/image\\\/\"}}]}<\/script>\n<!-- \/ Yoast SEO plugin. -->","yoast_head_json":{"title":"Carton Automatique Moyen - METRECUBIC","robots":{"index":"index","follow":"follow","max-snippet":"max-snippet:-1","max-image-preview":"max-image-preview:large","max-video-preview":"max-video-preview:-1"},"canonical":"https:\/\/metrecubic.com\/fr\/produit\/boite-en-carton-autonome-medium\/","og_locale":"fr_FR","og_type":"article","og_title":"Carton Automatique Moyen - METRECUBIC","og_description":"Nos Cartons Automatiques Moyens ne n\u00e9cessitent pas de ruban adh\u00e9sif pour \u00eatre ferm\u00e9s, leurs rabats peuvent \u00eatre ouverts et ferm\u00e9s autant de fois que vous le souhaitez, ils disposent de trous lat\u00e9raux pour faciliter la manipulation, sont r\u00e9utilisables et faciles \u00e0 plier une fois vides. Prix indiqu\u00e9 \u00e0 l'unit\u00e9.","og_url":"https:\/\/metrecubic.com\/fr\/produit\/boite-en-carton-autonome-medium\/","og_site_name":"METRECUBIC","article_modified_time":"2024-08-02T15:48:05+00:00","og_image":[{"width":850,"height":850,"url":"https:\/\/metrecubic.com\/wp-content\/uploads\/metre-cubic-trasteros-y-mudanzas-caja-automontable-grande-ok.webp","type":"image\/webp"}],"twitter_card":"summary_large_image","schema":{"@context":"https:\/\/schema.org","@graph":[{"@type":"WebPage","@id":"https:\/\/metrecubic.com\/fr\/produit\/boite-en-carton-autonome-medium\/","url":"https:\/\/metrecubic.com\/fr\/produit\/boite-en-carton-autonome-medium\/","name":"Carton Automatique Moyen - METRECUBIC","isPartOf":{"@id":"https:\/\/metrecubic.com\/fr\/#website"},"primaryImageOfPage":{"@id":"https:\/\/metrecubic.com\/fr\/produit\/boite-en-carton-autonome-medium\/#primaryimage"},"image":{"@id":"https:\/\/metrecubic.com\/fr\/produit\/boite-en-carton-autonome-medium\/#primaryimage"},"thumbnailUrl":"https:\/\/metrecubic.com\/wp-content\/uploads\/metre-cubic-trasteros-y-mudanzas-caja-automontable-grande-ok.webp","datePublished":"2024-06-05T09:49:43+00:00","dateModified":"2024-08-02T15:48:05+00:00","breadcrumb":{"@id":"https:\/\/metrecubic.com\/fr\/produit\/boite-en-carton-autonome-medium\/#breadcrumb"},"inLanguage":"fr-FR","potentialAction":[{"@type":"ReadAction","target":["https:\/\/metrecubic.com\/fr\/produit\/boite-en-carton-autonome-medium\/"]}]},{"@type":"ImageObject","inLanguage":"fr-FR","@id":"https:\/\/metrecubic.com\/fr\/produit\/boite-en-carton-autonome-medium\/#primaryimage","url":"https:\/\/metrecubic.com\/wp-content\/uploads\/metre-cubic-trasteros-y-mudanzas-caja-automontable-grande-ok.webp","contentUrl":"https:\/\/metrecubic.com\/wp-content\/uploads\/metre-cubic-trasteros-y-mudanzas-caja-automontable-grande-ok.webp","width":850,"height":850},{"@type":"BreadcrumbList","@id":"https:\/\/metrecubic.com\/fr\/produit\/boite-en-carton-autonome-medium\/#breadcrumb","itemListElement":[{"@type":"ListItem","position":1,"name":"Portada","item":"https:\/\/metrecubic.com\/fr\/"},{"@type":"ListItem","position":2,"name":"VENTE DE BO\u00ceTES ET D&#8217;EMBALLAGES","item":"https:\/\/metrecubic.com\/fr\/boutique\/"},{"@type":"ListItem","position":3,"name":"Carton Automatique Moyen"}]},{"@type":"WebSite","@id":"https:\/\/metrecubic.com\/fr\/#website","url":"https:\/\/metrecubic.com\/fr\/","name":"METRECUBIC","description":"Mudanzas y trasteros Sabadell y Girona","publisher":{"@id":"https:\/\/metrecubic.com\/fr\/#organization"},"potentialAction":[{"@type":"SearchAction","target":{"@type":"EntryPoint","urlTemplate":"https:\/\/metrecubic.com\/fr\/?s={search_term_string}"},"query-input":{"@type":"PropertyValueSpecification","valueRequired":true,"valueName":"search_term_string"}}],"inLanguage":"fr-FR"},{"@type":"Organization","@id":"https:\/\/metrecubic.com\/fr\/#organization","name":"METRECUBIC","url":"https:\/\/metrecubic.com\/fr\/","logo":{"@type":"ImageObject","inLanguage":"fr-FR","@id":"https:\/\/metrecubic.com\/fr\/#\/schema\/logo\/image\/","url":"https:\/\/metrecubic.com\/wp-content\/uploads\/logo-metrecubic.png","contentUrl":"https:\/\/metrecubic.com\/wp-content\/uploads\/logo-metrecubic.png","width":159,"height":159,"caption":"METRECUBIC"},"image":{"@id":"https:\/\/metrecubic.com\/fr\/#\/schema\/logo\/image\/"}}]}},"tiered_pricing_type":"fixed","tiered_pricing_fixed_rules":{"10":4.032},"tiered_pricing_product_settings":{"layout":"default","base_unit_name":{"singular":null,"plural":null},"default_variation":null},"tiered_pricing_minimum_quantity":null,"tiered_pricing_roles_data":[],"tiered_pricing_percentage_rules":[],"_links":{"self":[{"href":"https:\/\/metrecubic.com\/fr\/wp-json\/wp\/v2\/product\/2108","targetHints":{"allow":["GET"]}}],"collection":[{"href":"https:\/\/metrecubic.com\/fr\/wp-json\/wp\/v2\/product"}],"about":[{"href":"https:\/\/metrecubic.com\/fr\/wp-json\/wp\/v2\/types\/product"}],"wp:featuredmedia":[{"embeddable":true,"href":"https:\/\/metrecubic.com\/fr\/wp-json\/wp\/v2\/media\/1019"}],"wp:attachment":[{"href":"https:\/\/metrecubic.com\/fr\/wp-json\/wp\/v2\/media?parent=2108"}],"wp:term":[{"taxonomy":"product_brand","embeddable":true,"href":"https:\/\/metrecubic.com\/fr\/wp-json\/wp\/v2\/product_brand?post=2108"},{"taxonomy":"product_cat","embeddable":true,"href":"https:\/\/metrecubic.com\/fr\/wp-json\/wp\/v2\/product_cat?post=2108"},{"taxonomy":"product_tag","embeddable":true,"href":"https:\/\/metrecubic.com\/fr\/wp-json\/wp\/v2\/product_tag?post=2108"}],"curies":[{"name":"wp","href":"https:\/\/api.w.org\/{rel}","templated":true}]}}