{"id":4436,"date":"2024-09-02T06:16:21","date_gmt":"2024-09-02T06:16:21","guid":{"rendered":"https:\/\/metrecubic.com\/politique-en-matiere-de-cookies-ue\/"},"modified":"2026-04-20T07:52:17","modified_gmt":"2026-04-20T07:52:17","slug":"politique-en-matiere-de-cookies-ue","status":"publish","type":"page","link":"https:\/\/metrecubic.com\/fr\/politique-en-matiere-de-cookies-ue\/","title":{"rendered":"Politique en mati\u00e8re de cookies (UE)"},"content":{"rendered":"<p data-path-to-node=\"0\">\n<p data-path-to-node=\"2\"><b data-path-to-node=\"2\" data-index-in-node=\"0\">Date d&rsquo;entr\u00e9e en vigueur : 15 mai 2024<\/b><\/p>\n<h2 data-path-to-node=\"3\">Que sont les cookies ?<\/h2>\n<p data-path-to-node=\"4\">Cette Politique relative aux cookies explique ce que sont les cookies et comment nous les utilisons, les types de cookies que nous utilisons (c&rsquo;est-\u00e0-dire les informations que nous collectons \u00e0 l&rsquo;aide des cookies et comment ces informations sont utilis\u00e9es) ainsi que la mani\u00e8re de g\u00e9rer les param\u00e8tres des cookies.<\/p>\n<p data-path-to-node=\"5\">Les cookies sont de petits fichiers texte utilis\u00e9s pour stocker de petites informations. Ils sont stock\u00e9s sur votre appareil lorsque le site web est charg\u00e9 sur votre navigateur. Ces cookies nous aident \u00e0 faire fonctionner le site web correctement, \u00e0 le rendre plus s\u00fbr, \u00e0 offrir une meilleure exp\u00e9rience utilisateur et \u00e0 comprendre les performances du site afin d&rsquo;analyser ce qui fonctionne et ce qui doit \u00eatre am\u00e9lior\u00e9.<\/p>\n<h2 data-path-to-node=\"6\">Comment utilisons-nous les cookies ?<\/h2>\n<p data-path-to-node=\"7\">Comme la plupart des services en ligne, notre site web utilise des cookies propri\u00e9taires et des cookies tiers \u00e0 plusieurs fins. Les cookies propri\u00e9taires sont pour la plupart <span class=\"citation-139 citation-end-139\">n\u00e9cessaires au bon fonctionnement du site web et ne collectent aucune de vos donn\u00e9es personnellement identifiables.<\/span><\/p>\n<div class=\"source-inline-chip-container ng-star-inserted\"><\/div>\n<p data-path-to-node=\"8\"><span class=\"citation-138 citation-end-138\">Les cookies tiers utilis\u00e9s sur notre site web servent principalement \u00e0 comprendre l<\/span>es performances du site, la mani\u00e8re dont vous interagissez avec notre site, \u00e0 assurer la s\u00e9curit\u00e9 de nos services, \u00e0 fournir des publicit\u00e9s qui vous sont pertinentes et, dans l&rsquo;ensemble, \u00e0 vous offrir une exp\u00e9rience utilisateur am\u00e9lior\u00e9e et \u00e0 acc\u00e9l\u00e9rer vos futures interactions avec notre site web.<\/p>\n<div class=\"source-inline-chip-container ng-star-inserted\"><\/div>\n<p data-path-to-node=\"9\">[wcc_category_list]<\/p>\n<h2 data-path-to-node=\"10\">G\u00e9rer les pr\u00e9f\u00e9rences en mati\u00e8re de cookies<\/h2>\n<p data-path-to-node=\"11\">Vous pouvez modifier vos pr\u00e9f\u00e9rences en mati\u00e8re de cookies \u00e0 tout moment en cliquant sur le bouton [wcc_preference_button]. Cela vous permettra de revenir sur la banni\u00e8re de consentement aux cookies et de modifier vos pr\u00e9f\u00e9rences ou de retirer votre consentement imm\u00e9diatement.<\/p>\n<p data-path-to-node=\"12\">En plus de cela, diff\u00e9rents navigateurs proposent diff\u00e9rentes m\u00e9thodes pour bloquer et supprimer les cookies utilis\u00e9s par les sites web. Vous pouvez modifier les param\u00e8tres de votre navigateur pour bloquer ou supprimer les cookies. Vous trouverez ci-dessous les liens vers les documents d&rsquo;assistance sur la gestion et la suppression des cookies pour les principaux navigateurs web :<\/p>\n<ul data-path-to-node=\"13\">\n<li>\n<p data-path-to-node=\"13,0,0\"><b data-path-to-node=\"13,0,0\" data-index-in-node=\"0\">Chrome :<\/b> <a class=\"ng-star-inserted\" href=\"https:\/\/support.google.com\/accounts\/answer\/32050\" target=\"_blank\" rel=\"noopener\">https:\/\/support.google.com\/accounts\/answer\/32050<\/a><\/p>\n<\/li>\n<li>\n<p data-path-to-node=\"13,1,0\"><b data-path-to-node=\"13,1,0\" data-index-in-node=\"0\">Safari :<\/b> <a class=\"ng-star-inserted\" href=\"https:\/\/support.apple.com\/fr-fr\/guide\/safari\/sfri11471\/mac\" target=\"_blank\" rel=\"noopener\">https:\/\/support.apple.com\/fr-fr\/guide\/safari\/sfri11471\/mac<\/a><\/p>\n<\/li>\n<li>\n<p data-path-to-node=\"13,2,0\"><b data-path-to-node=\"13,2,0\" data-index-in-node=\"0\">Firefox :<\/b> <a class=\"ng-star-inserted\" href=\"https:\/\/support.mozilla.org\/fr\/kb\/effacer-les-cookies-pour-supprimer-les-information\" target=\"_blank\" rel=\"noopener\">https:\/\/support.mozilla.org\/fr\/kb\/effacer-les-cookies-pour-supprimer-les-information<\/a><\/p>\n<\/li>\n<li>\n<p data-path-to-node=\"13,3,0\"><b data-path-to-node=\"13,3,0\" data-index-in-node=\"0\">Microsoft Edge :<\/b> <a class=\"ng-star-inserted\" href=\"https:\/\/support.microsoft.com\/fr-fr\/microsoft-edge\/supprimer-les-cookies-dans-microsoft-edge-63947406-40ac-c3b8-57b9-2a946a29ae09\" target=\"_blank\" rel=\"noopener\">Supprimer les cookies dans Microsoft Edge<\/a><\/p>\n<\/li>\n<\/ul>\n<p data-path-to-node=\"14\">Si vous utilisez un autre navigateur web, veuillez consulter les documents d&rsquo;assistance officiels de votre navigateur.<\/p>\n","protected":false},"excerpt":{"rendered":"<p>Date d&rsquo;entr\u00e9e en vigueur : 15 mai 2024 Que sont les cookies ? Cette Politique relative aux cookies explique ce que sont les cookies et comment nous les utilisons, les &hellip;<\/p>\n","protected":false},"author":1,"featured_media":0,"parent":0,"menu_order":0,"comment_status":"closed","ping_status":"closed","template":"","meta":{"_acf_changed":false,"footnotes":""},"class_list":["post-4436","page","type-page","status-publish","hentry"],"acf":[],"yoast_head":"<!-- This site is optimized with the Yoast SEO plugin v27.4 - https:\/\/yoast.com\/product\/yoast-seo-wordpress\/ -->\n<title>Politique en mati\u00e8re de cookies (UE) - METRECUBIC<\/title>\n<meta name=\"description\" content=\"Date d&#039;entr\u00e9e en vigueur : 15 mai 2024 Que sont les cookies ? Cette Politique relative aux cookies explique ce que sont les cookies et comment nous les\" \/>\n<meta name=\"robots\" content=\"index, follow, max-snippet:-1, max-image-preview:large, max-video-preview:-1\" \/>\n<link rel=\"canonical\" href=\"https:\/\/metrecubic.com\/fr\/politique-en-matiere-de-cookies-ue\/\" \/>\n<meta property=\"og:locale\" content=\"fr_FR\" \/>\n<meta property=\"og:type\" content=\"article\" \/>\n<meta property=\"og:title\" content=\"Politique en mati\u00e8re de cookies (UE) - METRECUBIC\" \/>\n<meta property=\"og:description\" content=\"Date d&#039;entr\u00e9e en vigueur : 15 mai 2024 Que sont les cookies ? Cette Politique relative aux cookies explique ce que sont les cookies et comment nous les\" \/>\n<meta property=\"og:url\" content=\"https:\/\/metrecubic.com\/fr\/politique-en-matiere-de-cookies-ue\/\" \/>\n<meta property=\"og:site_name\" content=\"METRECUBIC\" \/>\n<meta property=\"article:modified_time\" content=\"2026-04-20T07:52:17+00:00\" \/>\n<meta name=\"twitter:card\" content=\"summary_large_image\" \/>\n<meta name=\"twitter:label1\" content=\"Dur\u00e9e de lecture estim\u00e9e\" \/>\n\t<meta name=\"twitter:data1\" content=\"2 minutes\" \/>\n<script type=\"application\/ld+json\" class=\"yoast-schema-graph\">{\"@context\":\"https:\\\/\\\/schema.org\",\"@graph\":[{\"@type\":\"WebPage\",\"@id\":\"https:\\\/\\\/metrecubic.com\\\/fr\\\/politique-en-matiere-de-cookies-ue\\\/\",\"url\":\"https:\\\/\\\/metrecubic.com\\\/fr\\\/politique-en-matiere-de-cookies-ue\\\/\",\"name\":\"Politique en mati\u00e8re de cookies (UE) - METRECUBIC\",\"isPartOf\":{\"@id\":\"https:\\\/\\\/metrecubic.com\\\/fr\\\/#website\"},\"datePublished\":\"2024-09-02T06:16:21+00:00\",\"dateModified\":\"2026-04-20T07:52:17+00:00\",\"description\":\"Date d'entr\u00e9e en vigueur : 15 mai 2024 Que sont les cookies ? Cette Politique relative aux cookies explique ce que sont les cookies et comment nous les\",\"breadcrumb\":{\"@id\":\"https:\\\/\\\/metrecubic.com\\\/fr\\\/politique-en-matiere-de-cookies-ue\\\/#breadcrumb\"},\"inLanguage\":\"fr-FR\",\"potentialAction\":[{\"@type\":\"ReadAction\",\"target\":[\"https:\\\/\\\/metrecubic.com\\\/fr\\\/politique-en-matiere-de-cookies-ue\\\/\"]}]},{\"@type\":\"BreadcrumbList\",\"@id\":\"https:\\\/\\\/metrecubic.com\\\/fr\\\/politique-en-matiere-de-cookies-ue\\\/#breadcrumb\",\"itemListElement\":[{\"@type\":\"ListItem\",\"position\":1,\"name\":\"Portada\",\"item\":\"https:\\\/\\\/metrecubic.com\\\/fr\\\/\"},{\"@type\":\"ListItem\",\"position\":2,\"name\":\"Politique en mati\u00e8re de cookies (UE)\"}]},{\"@type\":\"WebSite\",\"@id\":\"https:\\\/\\\/metrecubic.com\\\/fr\\\/#website\",\"url\":\"https:\\\/\\\/metrecubic.com\\\/fr\\\/\",\"name\":\"METRECUBIC\",\"description\":\"Mudanzas y trasteros Sabadell y Girona\",\"publisher\":{\"@id\":\"https:\\\/\\\/metrecubic.com\\\/fr\\\/#organization\"},\"potentialAction\":[{\"@type\":\"SearchAction\",\"target\":{\"@type\":\"EntryPoint\",\"urlTemplate\":\"https:\\\/\\\/metrecubic.com\\\/fr\\\/?s={search_term_string}\"},\"query-input\":{\"@type\":\"PropertyValueSpecification\",\"valueRequired\":true,\"valueName\":\"search_term_string\"}}],\"inLanguage\":\"fr-FR\"},{\"@type\":\"Organization\",\"@id\":\"https:\\\/\\\/metrecubic.com\\\/fr\\\/#organization\",\"name\":\"METRECUBIC\",\"url\":\"https:\\\/\\\/metrecubic.com\\\/fr\\\/\",\"logo\":{\"@type\":\"ImageObject\",\"inLanguage\":\"fr-FR\",\"@id\":\"https:\\\/\\\/metrecubic.com\\\/fr\\\/#\\\/schema\\\/logo\\\/image\\\/\",\"url\":\"https:\\\/\\\/metrecubic.com\\\/wp-content\\\/uploads\\\/logo-metrecubic.png\",\"contentUrl\":\"https:\\\/\\\/metrecubic.com\\\/wp-content\\\/uploads\\\/logo-metrecubic.png\",\"width\":159,\"height\":159,\"caption\":\"METRECUBIC\"},\"image\":{\"@id\":\"https:\\\/\\\/metrecubic.com\\\/fr\\\/#\\\/schema\\\/logo\\\/image\\\/\"}}]}<\/script>\n<!-- \/ Yoast SEO plugin. -->","yoast_head_json":{"title":"Politique en mati\u00e8re de cookies (UE) - METRECUBIC","description":"Date d'entr\u00e9e en vigueur : 15 mai 2024 Que sont les cookies ? Cette Politique relative aux cookies explique ce que sont les cookies et comment nous les","robots":{"index":"index","follow":"follow","max-snippet":"max-snippet:-1","max-image-preview":"max-image-preview:large","max-video-preview":"max-video-preview:-1"},"canonical":"https:\/\/metrecubic.com\/fr\/politique-en-matiere-de-cookies-ue\/","og_locale":"fr_FR","og_type":"article","og_title":"Politique en mati\u00e8re de cookies (UE) - METRECUBIC","og_description":"Date d'entr\u00e9e en vigueur : 15 mai 2024 Que sont les cookies ? Cette Politique relative aux cookies explique ce que sont les cookies et comment nous les","og_url":"https:\/\/metrecubic.com\/fr\/politique-en-matiere-de-cookies-ue\/","og_site_name":"METRECUBIC","article_modified_time":"2026-04-20T07:52:17+00:00","twitter_card":"summary_large_image","twitter_misc":{"Dur\u00e9e de lecture estim\u00e9e":"2 minutes"},"schema":{"@context":"https:\/\/schema.org","@graph":[{"@type":"WebPage","@id":"https:\/\/metrecubic.com\/fr\/politique-en-matiere-de-cookies-ue\/","url":"https:\/\/metrecubic.com\/fr\/politique-en-matiere-de-cookies-ue\/","name":"Politique en mati\u00e8re de cookies (UE) - METRECUBIC","isPartOf":{"@id":"https:\/\/metrecubic.com\/fr\/#website"},"datePublished":"2024-09-02T06:16:21+00:00","dateModified":"2026-04-20T07:52:17+00:00","description":"Date d'entr\u00e9e en vigueur : 15 mai 2024 Que sont les cookies ? Cette Politique relative aux cookies explique ce que sont les cookies et comment nous les","breadcrumb":{"@id":"https:\/\/metrecubic.com\/fr\/politique-en-matiere-de-cookies-ue\/#breadcrumb"},"inLanguage":"fr-FR","potentialAction":[{"@type":"ReadAction","target":["https:\/\/metrecubic.com\/fr\/politique-en-matiere-de-cookies-ue\/"]}]},{"@type":"BreadcrumbList","@id":"https:\/\/metrecubic.com\/fr\/politique-en-matiere-de-cookies-ue\/#breadcrumb","itemListElement":[{"@type":"ListItem","position":1,"name":"Portada","item":"https:\/\/metrecubic.com\/fr\/"},{"@type":"ListItem","position":2,"name":"Politique en mati\u00e8re de cookies (UE)"}]},{"@type":"WebSite","@id":"https:\/\/metrecubic.com\/fr\/#website","url":"https:\/\/metrecubic.com\/fr\/","name":"METRECUBIC","description":"Mudanzas y trasteros Sabadell y Girona","publisher":{"@id":"https:\/\/metrecubic.com\/fr\/#organization"},"potentialAction":[{"@type":"SearchAction","target":{"@type":"EntryPoint","urlTemplate":"https:\/\/metrecubic.com\/fr\/?s={search_term_string}"},"query-input":{"@type":"PropertyValueSpecification","valueRequired":true,"valueName":"search_term_string"}}],"inLanguage":"fr-FR"},{"@type":"Organization","@id":"https:\/\/metrecubic.com\/fr\/#organization","name":"METRECUBIC","url":"https:\/\/metrecubic.com\/fr\/","logo":{"@type":"ImageObject","inLanguage":"fr-FR","@id":"https:\/\/metrecubic.com\/fr\/#\/schema\/logo\/image\/","url":"https:\/\/metrecubic.com\/wp-content\/uploads\/logo-metrecubic.png","contentUrl":"https:\/\/metrecubic.com\/wp-content\/uploads\/logo-metrecubic.png","width":159,"height":159,"caption":"METRECUBIC"},"image":{"@id":"https:\/\/metrecubic.com\/fr\/#\/schema\/logo\/image\/"}}]}},"_links":{"self":[{"href":"https:\/\/metrecubic.com\/fr\/wp-json\/wp\/v2\/pages\/4436","targetHints":{"allow":["GET"]}}],"collection":[{"href":"https:\/\/metrecubic.com\/fr\/wp-json\/wp\/v2\/pages"}],"about":[{"href":"https:\/\/metrecubic.com\/fr\/wp-json\/wp\/v2\/types\/page"}],"author":[{"embeddable":true,"href":"https:\/\/metrecubic.com\/fr\/wp-json\/wp\/v2\/users\/1"}],"replies":[{"embeddable":true,"href":"https:\/\/metrecubic.com\/fr\/wp-json\/wp\/v2\/comments?post=4436"}],"version-history":[{"count":1,"href":"https:\/\/metrecubic.com\/fr\/wp-json\/wp\/v2\/pages\/4436\/revisions"}],"predecessor-version":[{"id":9708,"href":"https:\/\/metrecubic.com\/fr\/wp-json\/wp\/v2\/pages\/4436\/revisions\/9708"}],"wp:attachment":[{"href":"https:\/\/metrecubic.com\/fr\/wp-json\/wp\/v2\/media?parent=4436"}],"curies":[{"name":"wp","href":"https:\/\/api.w.org\/{rel}","templated":true}]}}