{"id":1832,"date":"2024-05-15T10:01:02","date_gmt":"2024-05-15T10:01:02","guid":{"rendered":"https:\/\/metrecubic.com\/location-dun-local-de-stockage\/"},"modified":"2025-08-25T07:36:07","modified_gmt":"2025-08-25T07:36:07","slug":"location-dun-local-de-stockage","status":"publish","type":"page","link":"https:\/\/metrecubic.com\/fr\/location-dun-local-de-stockage\/","title":{"rendered":"Location de box de stockage"},"content":{"rendered":"\n<p>Centres de location de box de stockage \u00e0 Sabadell, G\u00e9rone et Empuriabrava. Louez le box de stockage le plus proche de chez vous. <\/p>\n","protected":false},"excerpt":{"rendered":"<p>Centres de location de box de stockage \u00e0 Sabadell, G\u00e9rone et Empuriabrava. Louez le box de stockage le plus proche de chez vous.<\/p>\n","protected":false},"author":1,"featured_media":0,"parent":0,"menu_order":0,"comment_status":"closed","ping_status":"closed","template":"page-templates\/page-storage-rooms.php","meta":{"_acf_changed":false,"footnotes":""},"class_list":["post-1832","page","type-page","status-publish","hentry"],"acf":[],"yoast_head":"<!-- This site is optimized with the Yoast SEO plugin v27.4 - https:\/\/yoast.com\/product\/yoast-seo-wordpress\/ -->\n<title>Location de box de stockage - METRECUBIC<\/title>\n<meta name=\"description\" content=\"Louez votre box de stockage chez Metrecubic. Nous disposons de 8 centres \u00e0 Sabadell, G\u00e9rone et Empuriabrava. Diff\u00e9rentes tailles disponibles Demandez un devis gratuit !\" \/>\n<meta name=\"robots\" content=\"index, follow, max-snippet:-1, max-image-preview:large, max-video-preview:-1\" \/>\n<link rel=\"canonical\" href=\"https:\/\/metrecubic.com\/fr\/location-dun-local-de-stockage\/\" \/>\n<meta property=\"og:locale\" content=\"fr_FR\" \/>\n<meta property=\"og:type\" content=\"article\" \/>\n<meta property=\"og:title\" content=\"Location de box de stockage - METRECUBIC\" \/>\n<meta property=\"og:description\" content=\"Louez votre box de stockage chez Metrecubic. Nous disposons de 8 centres \u00e0 Sabadell, G\u00e9rone et Empuriabrava. Diff\u00e9rentes tailles disponibles Demandez un devis gratuit !\" \/>\n<meta property=\"og:url\" content=\"https:\/\/metrecubic.com\/fr\/location-dun-local-de-stockage\/\" \/>\n<meta property=\"og:site_name\" content=\"METRECUBIC\" \/>\n<meta property=\"article:modified_time\" content=\"2025-08-25T07:36:07+00:00\" \/>\n<meta name=\"twitter:card\" content=\"summary_large_image\" \/>\n<meta name=\"twitter:label1\" content=\"Dur\u00e9e de lecture estim\u00e9e\" \/>\n\t<meta name=\"twitter:data1\" content=\"1 minute\" \/>\n<script type=\"application\/ld+json\" class=\"yoast-schema-graph\">{\"@context\":\"https:\\\/\\\/schema.org\",\"@graph\":[{\"@type\":\"WebPage\",\"@id\":\"https:\\\/\\\/metrecubic.com\\\/fr\\\/location-dun-local-de-stockage\\\/\",\"url\":\"https:\\\/\\\/metrecubic.com\\\/fr\\\/location-dun-local-de-stockage\\\/\",\"name\":\"Location de box de stockage - METRECUBIC\",\"isPartOf\":{\"@id\":\"https:\\\/\\\/metrecubic.com\\\/fr\\\/#website\"},\"datePublished\":\"2024-05-15T10:01:02+00:00\",\"dateModified\":\"2025-08-25T07:36:07+00:00\",\"description\":\"Louez votre box de stockage chez Metrecubic. Nous disposons de 8 centres \u00e0 Sabadell, G\u00e9rone et Empuriabrava. Diff\u00e9rentes tailles disponibles Demandez un devis gratuit !\",\"breadcrumb\":{\"@id\":\"https:\\\/\\\/metrecubic.com\\\/fr\\\/location-dun-local-de-stockage\\\/#breadcrumb\"},\"inLanguage\":\"fr-FR\",\"potentialAction\":[{\"@type\":\"ReadAction\",\"target\":[\"https:\\\/\\\/metrecubic.com\\\/fr\\\/location-dun-local-de-stockage\\\/\"]}]},{\"@type\":\"BreadcrumbList\",\"@id\":\"https:\\\/\\\/metrecubic.com\\\/fr\\\/location-dun-local-de-stockage\\\/#breadcrumb\",\"itemListElement\":[{\"@type\":\"ListItem\",\"position\":1,\"name\":\"Portada\",\"item\":\"https:\\\/\\\/metrecubic.com\\\/fr\\\/\"},{\"@type\":\"ListItem\",\"position\":2,\"name\":\"Location de box de stockage\"}]},{\"@type\":\"WebSite\",\"@id\":\"https:\\\/\\\/metrecubic.com\\\/fr\\\/#website\",\"url\":\"https:\\\/\\\/metrecubic.com\\\/fr\\\/\",\"name\":\"METRECUBIC\",\"description\":\"Mudanzas y trasteros Sabadell y Girona\",\"publisher\":{\"@id\":\"https:\\\/\\\/metrecubic.com\\\/fr\\\/#organization\"},\"potentialAction\":[{\"@type\":\"SearchAction\",\"target\":{\"@type\":\"EntryPoint\",\"urlTemplate\":\"https:\\\/\\\/metrecubic.com\\\/fr\\\/?s={search_term_string}\"},\"query-input\":{\"@type\":\"PropertyValueSpecification\",\"valueRequired\":true,\"valueName\":\"search_term_string\"}}],\"inLanguage\":\"fr-FR\"},{\"@type\":\"Organization\",\"@id\":\"https:\\\/\\\/metrecubic.com\\\/fr\\\/#organization\",\"name\":\"METRECUBIC\",\"url\":\"https:\\\/\\\/metrecubic.com\\\/fr\\\/\",\"logo\":{\"@type\":\"ImageObject\",\"inLanguage\":\"fr-FR\",\"@id\":\"https:\\\/\\\/metrecubic.com\\\/fr\\\/#\\\/schema\\\/logo\\\/image\\\/\",\"url\":\"https:\\\/\\\/metrecubic.com\\\/wp-content\\\/uploads\\\/logo-metrecubic.png\",\"contentUrl\":\"https:\\\/\\\/metrecubic.com\\\/wp-content\\\/uploads\\\/logo-metrecubic.png\",\"width\":159,\"height\":159,\"caption\":\"METRECUBIC\"},\"image\":{\"@id\":\"https:\\\/\\\/metrecubic.com\\\/fr\\\/#\\\/schema\\\/logo\\\/image\\\/\"}}]}<\/script>\n<!-- \/ Yoast SEO plugin. -->","yoast_head_json":{"title":"Location de box de stockage - METRECUBIC","description":"Louez votre box de stockage chez Metrecubic. Nous disposons de 8 centres \u00e0 Sabadell, G\u00e9rone et Empuriabrava. Diff\u00e9rentes tailles disponibles Demandez un devis gratuit !","robots":{"index":"index","follow":"follow","max-snippet":"max-snippet:-1","max-image-preview":"max-image-preview:large","max-video-preview":"max-video-preview:-1"},"canonical":"https:\/\/metrecubic.com\/fr\/location-dun-local-de-stockage\/","og_locale":"fr_FR","og_type":"article","og_title":"Location de box de stockage - METRECUBIC","og_description":"Louez votre box de stockage chez Metrecubic. Nous disposons de 8 centres \u00e0 Sabadell, G\u00e9rone et Empuriabrava. Diff\u00e9rentes tailles disponibles Demandez un devis gratuit !","og_url":"https:\/\/metrecubic.com\/fr\/location-dun-local-de-stockage\/","og_site_name":"METRECUBIC","article_modified_time":"2025-08-25T07:36:07+00:00","twitter_card":"summary_large_image","twitter_misc":{"Dur\u00e9e de lecture estim\u00e9e":"1 minute"},"schema":{"@context":"https:\/\/schema.org","@graph":[{"@type":"WebPage","@id":"https:\/\/metrecubic.com\/fr\/location-dun-local-de-stockage\/","url":"https:\/\/metrecubic.com\/fr\/location-dun-local-de-stockage\/","name":"Location de box de stockage - METRECUBIC","isPartOf":{"@id":"https:\/\/metrecubic.com\/fr\/#website"},"datePublished":"2024-05-15T10:01:02+00:00","dateModified":"2025-08-25T07:36:07+00:00","description":"Louez votre box de stockage chez Metrecubic. Nous disposons de 8 centres \u00e0 Sabadell, G\u00e9rone et Empuriabrava. Diff\u00e9rentes tailles disponibles Demandez un devis gratuit !","breadcrumb":{"@id":"https:\/\/metrecubic.com\/fr\/location-dun-local-de-stockage\/#breadcrumb"},"inLanguage":"fr-FR","potentialAction":[{"@type":"ReadAction","target":["https:\/\/metrecubic.com\/fr\/location-dun-local-de-stockage\/"]}]},{"@type":"BreadcrumbList","@id":"https:\/\/metrecubic.com\/fr\/location-dun-local-de-stockage\/#breadcrumb","itemListElement":[{"@type":"ListItem","position":1,"name":"Portada","item":"https:\/\/metrecubic.com\/fr\/"},{"@type":"ListItem","position":2,"name":"Location de box de stockage"}]},{"@type":"WebSite","@id":"https:\/\/metrecubic.com\/fr\/#website","url":"https:\/\/metrecubic.com\/fr\/","name":"METRECUBIC","description":"Mudanzas y trasteros Sabadell y Girona","publisher":{"@id":"https:\/\/metrecubic.com\/fr\/#organization"},"potentialAction":[{"@type":"SearchAction","target":{"@type":"EntryPoint","urlTemplate":"https:\/\/metrecubic.com\/fr\/?s={search_term_string}"},"query-input":{"@type":"PropertyValueSpecification","valueRequired":true,"valueName":"search_term_string"}}],"inLanguage":"fr-FR"},{"@type":"Organization","@id":"https:\/\/metrecubic.com\/fr\/#organization","name":"METRECUBIC","url":"https:\/\/metrecubic.com\/fr\/","logo":{"@type":"ImageObject","inLanguage":"fr-FR","@id":"https:\/\/metrecubic.com\/fr\/#\/schema\/logo\/image\/","url":"https:\/\/metrecubic.com\/wp-content\/uploads\/logo-metrecubic.png","contentUrl":"https:\/\/metrecubic.com\/wp-content\/uploads\/logo-metrecubic.png","width":159,"height":159,"caption":"METRECUBIC"},"image":{"@id":"https:\/\/metrecubic.com\/fr\/#\/schema\/logo\/image\/"}}]}},"_links":{"self":[{"href":"https:\/\/metrecubic.com\/fr\/wp-json\/wp\/v2\/pages\/1832","targetHints":{"allow":["GET"]}}],"collection":[{"href":"https:\/\/metrecubic.com\/fr\/wp-json\/wp\/v2\/pages"}],"about":[{"href":"https:\/\/metrecubic.com\/fr\/wp-json\/wp\/v2\/types\/page"}],"author":[{"embeddable":true,"href":"https:\/\/metrecubic.com\/fr\/wp-json\/wp\/v2\/users\/1"}],"replies":[{"embeddable":true,"href":"https:\/\/metrecubic.com\/fr\/wp-json\/wp\/v2\/comments?post=1832"}],"version-history":[{"count":2,"href":"https:\/\/metrecubic.com\/fr\/wp-json\/wp\/v2\/pages\/1832\/revisions"}],"predecessor-version":[{"id":9003,"href":"https:\/\/metrecubic.com\/fr\/wp-json\/wp\/v2\/pages\/1832\/revisions\/9003"}],"wp:attachment":[{"href":"https:\/\/metrecubic.com\/fr\/wp-json\/wp\/v2\/media?parent=1832"}],"curies":[{"name":"wp","href":"https:\/\/api.w.org\/{rel}","templated":true}]}}