{"id":1818,"date":"2023-12-18T15:32:52","date_gmt":"2023-12-18T15:32:52","guid":{"rendered":"https:\/\/metrecubic.com\/avis-juridique\/"},"modified":"2024-08-02T16:43:43","modified_gmt":"2024-08-02T16:43:43","slug":"avis-juridique","status":"publish","type":"page","link":"https:\/\/metrecubic.com\/fr\/avis-juridique\/","title":{"rendered":"Mentions l\u00e9gales"},"content":{"rendered":"<p>Le pr\u00e9sent site Internet <a href=\"https:\/\/metrecubic.com\/\" target=\"_blank\" rel=\"noopener noreferrer\" data-saferedirecturl=\"https:\/\/www.google.com\/url?hl=es&amp;q=https:\/\/metrecubic.com&amp;source=gmail&amp;ust=1526056484200000&amp;usg=AFQjCNG6hw-YLTGk0yDxEzYXPJCQbs9OOQ\">www.metrecubic.com,<\/a> qui inclut la boutique en ligne, est la propri\u00e9t\u00e9 de SELF STORAGE <strong>METRECUBIC 2006 SL<\/strong> qui met \u00e0 la disposition des utilisateurs, des personnes physiques et morales, d&rsquo;Internet dans le but, entre autres, de fournir des informations, permettre de poser des questions et renseigner sur les produits, les services et les offres de <strong>SELF STORAGE Metrecubic<\/strong>. <\/p>\n<ul>\n<li>Identit\u00e9 de l&rsquo;entreprise :<\/li>\n<li>SELF STORAGE METRECUBIC 2006 SL<\/li>\n<li>Calle Industria 10. G\u00e9rone 17005 <\/li>\n<li>C.I.F. B17887027<\/li>\n<li>T\u00e9l\u00e9phone : 937 269 264 et 972 405 969, du lundi au vendredi, tous deux inclus, de 9 h \u00e0 19 h, sauf jours f\u00e9ri\u00e9s nationaux et locaux.<\/li>\n<\/ul>\n<p> Le pr\u00e9sent site Internet <a href=\"https:\/\/metrecubic.com\/\">\u00ab\u00a0www.metrecubic.com\u00a0\u00bb<\/a>, la souscription du Service de stockage (box de stockage) et du Service de d\u00e9m\u00e9nagements g\u00e9r\u00e9s depuis notre centre de Sabadell, est la propri\u00e9t\u00e9 de <strong>PORTALMAR 2006 SL<\/strong> qui met \u00e0 la disposition des utilisateurs, des personnes physiques et morales, d&rsquo;Internet dans le but, entre autres, de fournir des informations, permettre de poser des questions et renseigner sur les produits, les services et les offres de <strong>PORTALMAR 2006 SL :<\/strong> <\/p>\n<ul>\n<li>PORTALMAR 2006 SL<\/li>\n<li>Calle Rocafort 39 de Sabadell 08205<\/li>\n<li>C.I.F. B64098106<\/li>\n<li>T\u00e9l\u00e9phone : 937 269 264, du lundi au vendredi, tous deux inclus, de 9 h \u00e0 19 h, sauf jours f\u00e9ri\u00e9s nationaux et locaux.<\/li>\n<\/ul>\n","protected":false},"excerpt":{"rendered":"<p>Le pr\u00e9sent site Internet www.metrecubic.com, qui inclut la boutique en ligne, est la propri\u00e9t\u00e9 de SELF STORAGE METRECUBIC 2006 SL qui met \u00e0 la disposition des utilisateurs, des personnes physiques &hellip;<\/p>\n","protected":false},"author":1,"featured_media":0,"parent":0,"menu_order":0,"comment_status":"closed","ping_status":"closed","template":"page-templates\/page-basic-page.php","meta":{"_acf_changed":false,"footnotes":""},"class_list":["post-1818","page","type-page","status-publish","hentry"],"acf":[],"yoast_head":"<!-- This site is optimized with the Yoast SEO plugin v27.4 - https:\/\/yoast.com\/product\/yoast-seo-wordpress\/ -->\n<title>Mentions l\u00e9gales - METRECUBIC<\/title>\n<meta name=\"description\" content=\"Le pr\u00e9sent site Internet www.metrecubic.com, qui inclut la boutique en ligne, est la propri\u00e9t\u00e9 de SELF STORAGE METRECUBIC 2006 SL qui met \u00e0 la disposition\" \/>\n<meta name=\"robots\" content=\"index, follow, max-snippet:-1, max-image-preview:large, max-video-preview:-1\" \/>\n<link rel=\"canonical\" href=\"https:\/\/metrecubic.com\/fr\/avis-juridique\/\" \/>\n<meta property=\"og:locale\" content=\"fr_FR\" \/>\n<meta property=\"og:type\" content=\"article\" \/>\n<meta property=\"og:title\" content=\"Mentions l\u00e9gales - METRECUBIC\" \/>\n<meta property=\"og:description\" content=\"Le pr\u00e9sent site Internet www.metrecubic.com, qui inclut la boutique en ligne, est la propri\u00e9t\u00e9 de SELF STORAGE METRECUBIC 2006 SL qui met \u00e0 la disposition\" \/>\n<meta property=\"og:url\" content=\"https:\/\/metrecubic.com\/fr\/avis-juridique\/\" \/>\n<meta property=\"og:site_name\" content=\"METRECUBIC\" \/>\n<meta property=\"article:modified_time\" content=\"2024-08-02T16:43:43+00:00\" \/>\n<meta name=\"twitter:card\" content=\"summary_large_image\" \/>\n<meta name=\"twitter:label1\" content=\"Dur\u00e9e de lecture estim\u00e9e\" \/>\n\t<meta name=\"twitter:data1\" content=\"1 minute\" \/>\n<script type=\"application\/ld+json\" class=\"yoast-schema-graph\">{\"@context\":\"https:\\\/\\\/schema.org\",\"@graph\":[{\"@type\":\"WebPage\",\"@id\":\"https:\\\/\\\/metrecubic.com\\\/fr\\\/avis-juridique\\\/\",\"url\":\"https:\\\/\\\/metrecubic.com\\\/fr\\\/avis-juridique\\\/\",\"name\":\"Mentions l\u00e9gales - METRECUBIC\",\"isPartOf\":{\"@id\":\"https:\\\/\\\/metrecubic.com\\\/fr\\\/#website\"},\"datePublished\":\"2023-12-18T15:32:52+00:00\",\"dateModified\":\"2024-08-02T16:43:43+00:00\",\"description\":\"Le pr\u00e9sent site Internet www.metrecubic.com, qui inclut la boutique en ligne, est la propri\u00e9t\u00e9 de SELF STORAGE METRECUBIC 2006 SL qui met \u00e0 la disposition\",\"breadcrumb\":{\"@id\":\"https:\\\/\\\/metrecubic.com\\\/fr\\\/avis-juridique\\\/#breadcrumb\"},\"inLanguage\":\"fr-FR\",\"potentialAction\":[{\"@type\":\"ReadAction\",\"target\":[\"https:\\\/\\\/metrecubic.com\\\/fr\\\/avis-juridique\\\/\"]}]},{\"@type\":\"BreadcrumbList\",\"@id\":\"https:\\\/\\\/metrecubic.com\\\/fr\\\/avis-juridique\\\/#breadcrumb\",\"itemListElement\":[{\"@type\":\"ListItem\",\"position\":1,\"name\":\"Portada\",\"item\":\"https:\\\/\\\/metrecubic.com\\\/fr\\\/\"},{\"@type\":\"ListItem\",\"position\":2,\"name\":\"Mentions l\u00e9gales\"}]},{\"@type\":\"WebSite\",\"@id\":\"https:\\\/\\\/metrecubic.com\\\/fr\\\/#website\",\"url\":\"https:\\\/\\\/metrecubic.com\\\/fr\\\/\",\"name\":\"METRECUBIC\",\"description\":\"Mudanzas y trasteros Sabadell y Girona\",\"publisher\":{\"@id\":\"https:\\\/\\\/metrecubic.com\\\/fr\\\/#organization\"},\"potentialAction\":[{\"@type\":\"SearchAction\",\"target\":{\"@type\":\"EntryPoint\",\"urlTemplate\":\"https:\\\/\\\/metrecubic.com\\\/fr\\\/?s={search_term_string}\"},\"query-input\":{\"@type\":\"PropertyValueSpecification\",\"valueRequired\":true,\"valueName\":\"search_term_string\"}}],\"inLanguage\":\"fr-FR\"},{\"@type\":\"Organization\",\"@id\":\"https:\\\/\\\/metrecubic.com\\\/fr\\\/#organization\",\"name\":\"METRECUBIC\",\"url\":\"https:\\\/\\\/metrecubic.com\\\/fr\\\/\",\"logo\":{\"@type\":\"ImageObject\",\"inLanguage\":\"fr-FR\",\"@id\":\"https:\\\/\\\/metrecubic.com\\\/fr\\\/#\\\/schema\\\/logo\\\/image\\\/\",\"url\":\"https:\\\/\\\/metrecubic.com\\\/wp-content\\\/uploads\\\/logo-metrecubic.png\",\"contentUrl\":\"https:\\\/\\\/metrecubic.com\\\/wp-content\\\/uploads\\\/logo-metrecubic.png\",\"width\":159,\"height\":159,\"caption\":\"METRECUBIC\"},\"image\":{\"@id\":\"https:\\\/\\\/metrecubic.com\\\/fr\\\/#\\\/schema\\\/logo\\\/image\\\/\"}}]}<\/script>\n<!-- \/ Yoast SEO plugin. -->","yoast_head_json":{"title":"Mentions l\u00e9gales - METRECUBIC","description":"Le pr\u00e9sent site Internet www.metrecubic.com, qui inclut la boutique en ligne, est la propri\u00e9t\u00e9 de SELF STORAGE METRECUBIC 2006 SL qui met \u00e0 la disposition","robots":{"index":"index","follow":"follow","max-snippet":"max-snippet:-1","max-image-preview":"max-image-preview:large","max-video-preview":"max-video-preview:-1"},"canonical":"https:\/\/metrecubic.com\/fr\/avis-juridique\/","og_locale":"fr_FR","og_type":"article","og_title":"Mentions l\u00e9gales - METRECUBIC","og_description":"Le pr\u00e9sent site Internet www.metrecubic.com, qui inclut la boutique en ligne, est la propri\u00e9t\u00e9 de SELF STORAGE METRECUBIC 2006 SL qui met \u00e0 la disposition","og_url":"https:\/\/metrecubic.com\/fr\/avis-juridique\/","og_site_name":"METRECUBIC","article_modified_time":"2024-08-02T16:43:43+00:00","twitter_card":"summary_large_image","twitter_misc":{"Dur\u00e9e de lecture estim\u00e9e":"1 minute"},"schema":{"@context":"https:\/\/schema.org","@graph":[{"@type":"WebPage","@id":"https:\/\/metrecubic.com\/fr\/avis-juridique\/","url":"https:\/\/metrecubic.com\/fr\/avis-juridique\/","name":"Mentions l\u00e9gales - METRECUBIC","isPartOf":{"@id":"https:\/\/metrecubic.com\/fr\/#website"},"datePublished":"2023-12-18T15:32:52+00:00","dateModified":"2024-08-02T16:43:43+00:00","description":"Le pr\u00e9sent site Internet www.metrecubic.com, qui inclut la boutique en ligne, est la propri\u00e9t\u00e9 de SELF STORAGE METRECUBIC 2006 SL qui met \u00e0 la disposition","breadcrumb":{"@id":"https:\/\/metrecubic.com\/fr\/avis-juridique\/#breadcrumb"},"inLanguage":"fr-FR","potentialAction":[{"@type":"ReadAction","target":["https:\/\/metrecubic.com\/fr\/avis-juridique\/"]}]},{"@type":"BreadcrumbList","@id":"https:\/\/metrecubic.com\/fr\/avis-juridique\/#breadcrumb","itemListElement":[{"@type":"ListItem","position":1,"name":"Portada","item":"https:\/\/metrecubic.com\/fr\/"},{"@type":"ListItem","position":2,"name":"Mentions l\u00e9gales"}]},{"@type":"WebSite","@id":"https:\/\/metrecubic.com\/fr\/#website","url":"https:\/\/metrecubic.com\/fr\/","name":"METRECUBIC","description":"Mudanzas y trasteros Sabadell y Girona","publisher":{"@id":"https:\/\/metrecubic.com\/fr\/#organization"},"potentialAction":[{"@type":"SearchAction","target":{"@type":"EntryPoint","urlTemplate":"https:\/\/metrecubic.com\/fr\/?s={search_term_string}"},"query-input":{"@type":"PropertyValueSpecification","valueRequired":true,"valueName":"search_term_string"}}],"inLanguage":"fr-FR"},{"@type":"Organization","@id":"https:\/\/metrecubic.com\/fr\/#organization","name":"METRECUBIC","url":"https:\/\/metrecubic.com\/fr\/","logo":{"@type":"ImageObject","inLanguage":"fr-FR","@id":"https:\/\/metrecubic.com\/fr\/#\/schema\/logo\/image\/","url":"https:\/\/metrecubic.com\/wp-content\/uploads\/logo-metrecubic.png","contentUrl":"https:\/\/metrecubic.com\/wp-content\/uploads\/logo-metrecubic.png","width":159,"height":159,"caption":"METRECUBIC"},"image":{"@id":"https:\/\/metrecubic.com\/fr\/#\/schema\/logo\/image\/"}}]}},"_links":{"self":[{"href":"https:\/\/metrecubic.com\/fr\/wp-json\/wp\/v2\/pages\/1818","targetHints":{"allow":["GET"]}}],"collection":[{"href":"https:\/\/metrecubic.com\/fr\/wp-json\/wp\/v2\/pages"}],"about":[{"href":"https:\/\/metrecubic.com\/fr\/wp-json\/wp\/v2\/types\/page"}],"author":[{"embeddable":true,"href":"https:\/\/metrecubic.com\/fr\/wp-json\/wp\/v2\/users\/1"}],"replies":[{"embeddable":true,"href":"https:\/\/metrecubic.com\/fr\/wp-json\/wp\/v2\/comments?post=1818"}],"version-history":[{"count":0,"href":"https:\/\/metrecubic.com\/fr\/wp-json\/wp\/v2\/pages\/1818\/revisions"}],"wp:attachment":[{"href":"https:\/\/metrecubic.com\/fr\/wp-json\/wp\/v2\/media?parent=1818"}],"curies":[{"name":"wp","href":"https:\/\/api.w.org\/{rel}","templated":true}]}}