{"id":3,"date":"2022-03-30T09:27:15","date_gmt":"2022-03-30T09:27:15","guid":{"rendered":"https:\/\/metrecubic.com\/?page_id=3"},"modified":"2024-07-23T07:20:07","modified_gmt":"2024-07-23T07:20:07","slug":"politica-de-privacidad","status":"publish","type":"page","link":"https:\/\/metrecubic.com\/es\/politica-de-privacidad\/","title":{"rendered":"Pol\u00edtica de privacidad"},"content":{"rendered":"\n<h3><strong>Procedimiento de adquisici\u00f3n de productos y\/o servicios en el portal.<\/strong><\/h3>\n<p>Para la adquisici\u00f3n o compra de los productos y\/o servicios en el portal, el usuario deber\u00e1 seguir las indicaciones que se le muestren en pantalla y aceptar la compra mediante el cumplimiento de las citadas indicaciones, lo cual supone a su vez la lectura y aceptaci\u00f3n irrevocable de todas las presentes Condiciones Generales de Contrataci\u00f3n y de Uso del portal, as\u00ed como si las hubiera, de las Condiciones Particulares que pudieran existir y ser de aplicaci\u00f3n.<\/p>\n<p>El usuario navegar\u00e1 por las distintas secciones y seleccionar\u00e1 el producto o productos que desee adquirir haciendo \u00abclic\u00bb sobre el bot\u00f3n \u00aba\u00f1adir\u00bb. Los productos que se vayan seleccionando por el usuario se van acumulando en lo que se denomina \u00abcarrito\u00bb. En cualquier momento y al final del proceso de compra, una vez elegidos todos los productos y\/o servicios, el usuario deber\u00e1 hacer \u00abclic\u00bb sobre en el bot\u00f3n \u00bb Confirmar Pago\u00bb, siendo redirigido a una serie de p\u00e1ginas en las que, seg\u00fan corresponda, se le informar\u00e1 de que la adquisici\u00f3n del pedido se encuentra sujeto a previo pago y se le ir\u00e1 mostrando el siguiente contenido en relaci\u00f3n con los sucesivos pasos de compra; a saber:<\/p>\n<p>Los productos estar\u00e1n disponibles para su venta hasta fin de existencias. Los precios de los productos y servicios (ej. instalaciones) indicados en pantalla son en euros e incluyen el IVA y\/o cualquier otro impuesto que fuera de aplicaci\u00f3n, y ser\u00e1n en todo momento los vigentes, salvo error tipogr\u00e1fico. Los productos que se vayan seleccionando por el usuario se van acumulando en lo que se denomina \u00abcarrito\u00bb.<\/p>\n<p><strong>En caso de no disponibilidad del producto<\/strong> o del servicio solicitado despu\u00e9s de haberse realizado el pedido, o cuando SELF STORAGE METRECUBIC 2006 S.L.,\u00a0B17887027,\u00a0 Industria, 10, 17005 Girona, Gerona, Espa\u00f1a (en adelante METRECUBIC) detecte que el pedido puede sufrir una demora en la entrega o en la prestaci\u00f3n, se informar\u00e1 al usuario por tel\u00e9fono o correo electr\u00f3nico de dicha situaci\u00f3n, para confirmarle un nuevo plazo de entrega o de prestaci\u00f3n, o proceder a su anulaci\u00f3n o sustituci\u00f3n por otro producto o servicio de acuerdo con el usuario.<\/p>\n<p><strong>Resumen de la compra<\/strong>: listado con breve descripci\u00f3n, cantidad y precio con posibilidad de a\u00f1adir o eliminar de la lista, selecci\u00f3n de modo de env\u00edo<\/p>\n<p>Tras haber decidido los productos y\/o servicios a adquirir y el <strong>m\u00e9todo de env\u00edo<\/strong>, el usuario deber\u00e1 hacer \u00abclic\u00bb sobre otro bot\u00f3n denominado \u00abConfirmar Pago\u201d. Una vez realizado el \u201cclic\u201d se le solicitar\u00e1n al usuario los siguientes datos: a) direcci\u00f3n de env\u00edo (direcci\u00f3n particular o propio establecimiento f\u00edsico\/tienda de METRECUBIC \u2013Recogida en tienda (Sabadell o Girona; b) datos de facturaci\u00f3n (con posibilidad de que estos \u00faltimos datos no resulte ser necesario introducirlos de nuevo, si son los mismos que los datos de env\u00edo) Una vez rellenados tales datos, el usuario deber\u00e1 hacer \u00abclic\u00bb sobre el bot\u00f3n \u00absiguiente\u00bb para que se le muestre la p\u00e1gina relativa a las posibles formas de pago.<\/p>\n<p>El <strong>pago<\/strong> del precio de los bienes o servicios comprados y de los gastos de env\u00edo, los cuales aparecer\u00e1n en pantalla, se podr\u00e1 realizar tanto mediante tarjeta de cr\u00e9dito, con tarjeta de d\u00e9bito, tarjetas Visa, MasterCard. El usuario deber\u00e1 seleccionar, entre los distintos m\u00e9todos ofrecidos, aqu\u00e9l que elija para efectuar pago, debiendo proceder a cumplimentar los datos o el formulario al que sea redirigido en funci\u00f3n del m\u00e9todo del que en cada caso se haya seleccionado.<\/p>\n<p><strong>Para proceder al pago<\/strong>, el usuario deber\u00e1 seguir todas y cada una de las instrucciones que aparecen en pantalla, proporcionando la informaci\u00f3n que le sea solicitada en la misma.<\/p>\n<p>Todos los datos proporcionados a estos efectos son encriptados para garantizar la m\u00e1xima seguridad de los mismos y se alojan en un servidor seguro certificado seg\u00fan el protocolo SSL.<\/p>\n<p>Una vez seleccionado la forma de pago y cumplimentados los datos necesarios, el usuario deber\u00e1 hacer \u00abclic\u00bb sobre el bot\u00f3n \u00abConfirmar Pago \u00ab, siendo entonces redirigido a una nueva pantalla en la que se le mostrar\u00e1 la informaci\u00f3n relativa a su compra: datos de entrega, listado con precios de producto y\/o servicios y n\u00famero de pedido. La misma informaci\u00f3n ser\u00e1 autom\u00e1ticamente enviada a la direcci\u00f3n de correo electr\u00f3nico facilitada por el usuario. El usuario podr\u00e1 consultar en cualquier momento el estado de su pedido, as\u00ed como cualquier duda en relaci\u00f3n con el mismo a trav\u00e9s del envio de un correo electr\u00f3nico a <a href=\"mailto:info@metrecubic.com\">info@metrecubic.com<\/a><\/p>\n<p>METRECUBIC se reserva el derecho a solicitar de cualquier usuario del portal que haya hecho una compra, que justifique el pago de la misma y\/o que se identifique mediante la aportaci\u00f3n por medio telem\u00e1tico (fax, e-mail o similar) o f\u00edsico (en las propias tiendas de METRECUBIC) de un documento que lo identifique como comprador, o representante del comprador, y que pueda incluir, en su caso, el domicilio de entrega (Documento Nacional de Identidad \/ N\u00famero de Identificaci\u00f3n de Extranjeros, Pasaporte, Tarjeta de permiso de residencia, Certificado de empadronamiento, T\u00edtulos de representaci\u00f3n de personas jur\u00eddicas, etc<\/p>\n<p>Toda la informaci\u00f3n proporcionada durante el proceso de contrataci\u00f3n ser\u00e1 almacenado por METRECUBIC de manera que el usuario podr\u00e1, previa solicitud efectuada por escrito o por email, solicitar informaci\u00f3n referente a las operaciones efectuadas por \u00e9l dentro de los seis (6) meses anteriores. Cualquier modificaci\u00f3n y\/o correcci\u00f3n de los datos proporcionados por los usuarios durante la navegaci\u00f3n deber\u00e1 efectuarse seg\u00fan las indicaciones incluidas en el Portal.<\/p>\n<p>El usuario tiene derecho a recibir, gratuitamente, la factura de sus compras por correo electr\u00f3nico.<\/p>\n<p>En caso de usuarios personas jur\u00eddicas, las personas f\u00edsicas que act\u00faen en su nombre y representaci\u00f3n, a trav\u00e9s del presente portal, garantizan frente a METRECUBIC y terceros que act\u00faan en virtud de un v\u00e1lido t\u00edtulo de representaci\u00f3n debidamente otorgado a su favor por la correspondiente persona jur\u00eddica y que se encuentran en vigor en el momento de realizar la oportuna transacci\u00f3n. En este sentido, las personas f\u00edsicas que act\u00faan en nombre de las personas jur\u00eddicas garantizan que en el momento de realizar la transacci\u00f3n no est\u00e1n vulnerando derechos de ning\u00fan tercero al respecto y que los datos e informaci\u00f3n relativa a las personas jur\u00eddicas son veraces, exactas y fiables. En consecuencia, las personas f\u00edsicas que act\u00faan en nombre de cualquier persona jur\u00eddica asumen, de forma plena y exclusiva, cualquier responsabilidad que pudiera derivarse de la falta de veracidad o exactitud de su representaci\u00f3n e informaciones o comunicaciones facilitadas en el uso del presente portal. Por ello, las personas f\u00edsicas que act\u00faan en nombre de cualquier persona jur\u00eddica deber\u00e1n mantener indemnes, sin l\u00edmite econ\u00f3mico, a METRECUBIC frente a cualquier responsabilidad que le pueda ser exigida en relaci\u00f3n con su citada representaci\u00f3n e informaciones o comunicaciones facilitadas en el uso del presente portal. Asimismo, METRECUBIC no podr\u00e1 responsabilizarse de ning\u00fan da\u00f1o, p\u00e9rdida o perjuicio en personas y\/o bienes que traigan causa o se relacionen con lo anteriormente estipulado.<\/p>\n<p><strong>Derecho de desistimiento: <\/strong>El cliente tendr\u00e1 el derecho a desistir de la compra durante un per\u00edodo de 14 d\u00edas naturales, a contar desde el d\u00eda del pago de la misma.<br \/>Para ejercer el derecho de desistimiento, el usuario deber\u00e1 notificar a METRECUBIC, Calle Industria 10. Girona 17005, tel\u00e9fono 972 40 59 96, su decisi\u00f3n de desistir del contrato a trav\u00e9s de una declaraci\u00f3n inequ\u00edvoca, enviando un correo electr\u00f3nico a la siguiente direcci\u00f3n: info@metrecubic.com en un plazo no superior a catorce (14) d\u00edas naturales, contados a partir de la recepci\u00f3n del Producto.<br \/>El desistimiento conlleva la devoluci\u00f3n del importe total pagado, a excepci\u00f3n de los gastos por transporte ocasionados por la devoluci\u00f3n (Portes de retorno).<\/p>\n<h3>Servicio de almacenaje (trasteros) y del Servicio de mudanzas<\/h3>\n<p>En presente\u00a0portal\u00a0\u00a0\u201c<a href=\"https:\/\/metrecubic.com\/\">www.metrecubic.com<\/a>\u201d , exclusivamente la contrataci\u00f3n del Servicio de almacenaje (trasteros) y del Servicio de mudanzas gestionados desde nuestro centro de Sabadell, es titularidad de <strong>PORTALMAR\u00a0 2006 SL<\/strong>\u00a0quien pone a disposici\u00f3n de los usuarios, personas f\u00edsicas y jur\u00eddicas, de Internet con el fin de, entre otros, proporcionar y permitir informaci\u00f3n, consultas y atenci\u00f3n sobre los productos, servicios, y ofertas de <strong>PORTALMAR 2006 SL<\/strong><\/p>\n<p>Nuestros datos son los siguientes:<\/p>\n<ul>\n<li>PORTALMAR 2006 SL<\/li>\n<li>Calle Rocafort 39 de Sabadell 08205<\/li>\n<li>C.I.F. B64098106<\/li>\n<li>Tel\u00e9fono: 937 269 264, de lunes a viernes, ambos incluidos, de 9:00 a 19.00, excepto festivos nacionales y locales.<\/li>\n<\/ul>\n","protected":false},"excerpt":{"rendered":"<p>Procedimiento de adquisici\u00f3n de productos y\/o servicios en el portal. Para la adquisici\u00f3n o compra de los productos y\/o servicios en el portal, el usuario deber\u00e1 seguir las indicaciones que &hellip;<\/p>\n","protected":false},"author":1,"featured_media":0,"parent":0,"menu_order":0,"comment_status":"closed","ping_status":"open","template":"page-templates\/page-basic-page.php","meta":{"_acf_changed":false,"footnotes":""},"class_list":["post-3","page","type-page","status-publish","hentry"],"acf":[],"yoast_head":"<!-- This site is optimized with the Yoast SEO plugin v27.4 - https:\/\/yoast.com\/product\/yoast-seo-wordpress\/ -->\n<title>Pol\u00edtica de privacidad - METRECUBIC<\/title>\n<meta name=\"description\" content=\"Procedimiento de adquisici\u00f3n de productos y\/o servicios en el portal. Para la adquisici\u00f3n o compra de los productos y\/o servicios en el portal, el usuario\" \/>\n<meta name=\"robots\" content=\"index, follow, max-snippet:-1, max-image-preview:large, max-video-preview:-1\" \/>\n<link rel=\"canonical\" href=\"https:\/\/metrecubic.com\/es\/politica-de-privacidad\/\" \/>\n<meta property=\"og:locale\" content=\"es_ES\" \/>\n<meta property=\"og:type\" content=\"article\" \/>\n<meta property=\"og:title\" content=\"Pol\u00edtica de privacidad - METRECUBIC\" \/>\n<meta property=\"og:description\" content=\"Procedimiento de adquisici\u00f3n de productos y\/o servicios en el portal. Para la adquisici\u00f3n o compra de los productos y\/o servicios en el portal, el usuario\" \/>\n<meta property=\"og:url\" content=\"https:\/\/metrecubic.com\/es\/politica-de-privacidad\/\" \/>\n<meta property=\"og:site_name\" content=\"METRECUBIC\" \/>\n<meta property=\"article:modified_time\" content=\"2024-07-23T07:20:07+00:00\" \/>\n<meta name=\"twitter:card\" content=\"summary_large_image\" \/>\n<meta name=\"twitter:label1\" content=\"Tiempo de lectura\" \/>\n\t<meta name=\"twitter:data1\" content=\"7 minutos\" \/>\n<script type=\"application\/ld+json\" class=\"yoast-schema-graph\">{\"@context\":\"https:\\\/\\\/schema.org\",\"@graph\":[{\"@type\":\"WebPage\",\"@id\":\"https:\\\/\\\/metrecubic.com\\\/es\\\/politica-de-privacidad\\\/\",\"url\":\"https:\\\/\\\/metrecubic.com\\\/es\\\/politica-de-privacidad\\\/\",\"name\":\"Pol\u00edtica de privacidad - METRECUBIC\",\"isPartOf\":{\"@id\":\"https:\\\/\\\/metrecubic.com\\\/es\\\/#website\"},\"datePublished\":\"2022-03-30T09:27:15+00:00\",\"dateModified\":\"2024-07-23T07:20:07+00:00\",\"description\":\"Procedimiento de adquisici\u00f3n de productos y\\\/o servicios en el portal. Para la adquisici\u00f3n o compra de los productos y\\\/o servicios en el portal, el usuario\",\"breadcrumb\":{\"@id\":\"https:\\\/\\\/metrecubic.com\\\/es\\\/politica-de-privacidad\\\/#breadcrumb\"},\"inLanguage\":\"es\",\"potentialAction\":[{\"@type\":\"ReadAction\",\"target\":[\"https:\\\/\\\/metrecubic.com\\\/es\\\/politica-de-privacidad\\\/\"]}]},{\"@type\":\"BreadcrumbList\",\"@id\":\"https:\\\/\\\/metrecubic.com\\\/es\\\/politica-de-privacidad\\\/#breadcrumb\",\"itemListElement\":[{\"@type\":\"ListItem\",\"position\":1,\"name\":\"Portada\",\"item\":\"https:\\\/\\\/metrecubic.com\\\/es\\\/\"},{\"@type\":\"ListItem\",\"position\":2,\"name\":\"Pol\u00edtica de privacidad\"}]},{\"@type\":\"WebSite\",\"@id\":\"https:\\\/\\\/metrecubic.com\\\/es\\\/#website\",\"url\":\"https:\\\/\\\/metrecubic.com\\\/es\\\/\",\"name\":\"METRECUBIC\",\"description\":\"Mudanzas y trasteros Sabadell y Girona\",\"publisher\":{\"@id\":\"https:\\\/\\\/metrecubic.com\\\/es\\\/#organization\"},\"potentialAction\":[{\"@type\":\"SearchAction\",\"target\":{\"@type\":\"EntryPoint\",\"urlTemplate\":\"https:\\\/\\\/metrecubic.com\\\/es\\\/?s={search_term_string}\"},\"query-input\":{\"@type\":\"PropertyValueSpecification\",\"valueRequired\":true,\"valueName\":\"search_term_string\"}}],\"inLanguage\":\"es\"},{\"@type\":\"Organization\",\"@id\":\"https:\\\/\\\/metrecubic.com\\\/es\\\/#organization\",\"name\":\"METRECUBIC\",\"url\":\"https:\\\/\\\/metrecubic.com\\\/es\\\/\",\"logo\":{\"@type\":\"ImageObject\",\"inLanguage\":\"es\",\"@id\":\"https:\\\/\\\/metrecubic.com\\\/es\\\/#\\\/schema\\\/logo\\\/image\\\/\",\"url\":\"https:\\\/\\\/metrecubic.com\\\/wp-content\\\/uploads\\\/logo-metrecubic.png\",\"contentUrl\":\"https:\\\/\\\/metrecubic.com\\\/wp-content\\\/uploads\\\/logo-metrecubic.png\",\"width\":159,\"height\":159,\"caption\":\"METRECUBIC\"},\"image\":{\"@id\":\"https:\\\/\\\/metrecubic.com\\\/es\\\/#\\\/schema\\\/logo\\\/image\\\/\"}}]}<\/script>\n<!-- \/ Yoast SEO plugin. -->","yoast_head_json":{"title":"Pol\u00edtica de privacidad - METRECUBIC","description":"Procedimiento de adquisici\u00f3n de productos y\/o servicios en el portal. Para la adquisici\u00f3n o compra de los productos y\/o servicios en el portal, el usuario","robots":{"index":"index","follow":"follow","max-snippet":"max-snippet:-1","max-image-preview":"max-image-preview:large","max-video-preview":"max-video-preview:-1"},"canonical":"https:\/\/metrecubic.com\/es\/politica-de-privacidad\/","og_locale":"es_ES","og_type":"article","og_title":"Pol\u00edtica de privacidad - METRECUBIC","og_description":"Procedimiento de adquisici\u00f3n de productos y\/o servicios en el portal. Para la adquisici\u00f3n o compra de los productos y\/o servicios en el portal, el usuario","og_url":"https:\/\/metrecubic.com\/es\/politica-de-privacidad\/","og_site_name":"METRECUBIC","article_modified_time":"2024-07-23T07:20:07+00:00","twitter_card":"summary_large_image","twitter_misc":{"Tiempo de lectura":"7 minutos"},"schema":{"@context":"https:\/\/schema.org","@graph":[{"@type":"WebPage","@id":"https:\/\/metrecubic.com\/es\/politica-de-privacidad\/","url":"https:\/\/metrecubic.com\/es\/politica-de-privacidad\/","name":"Pol\u00edtica de privacidad - METRECUBIC","isPartOf":{"@id":"https:\/\/metrecubic.com\/es\/#website"},"datePublished":"2022-03-30T09:27:15+00:00","dateModified":"2024-07-23T07:20:07+00:00","description":"Procedimiento de adquisici\u00f3n de productos y\/o servicios en el portal. Para la adquisici\u00f3n o compra de los productos y\/o servicios en el portal, el usuario","breadcrumb":{"@id":"https:\/\/metrecubic.com\/es\/politica-de-privacidad\/#breadcrumb"},"inLanguage":"es","potentialAction":[{"@type":"ReadAction","target":["https:\/\/metrecubic.com\/es\/politica-de-privacidad\/"]}]},{"@type":"BreadcrumbList","@id":"https:\/\/metrecubic.com\/es\/politica-de-privacidad\/#breadcrumb","itemListElement":[{"@type":"ListItem","position":1,"name":"Portada","item":"https:\/\/metrecubic.com\/es\/"},{"@type":"ListItem","position":2,"name":"Pol\u00edtica de privacidad"}]},{"@type":"WebSite","@id":"https:\/\/metrecubic.com\/es\/#website","url":"https:\/\/metrecubic.com\/es\/","name":"METRECUBIC","description":"Mudanzas y trasteros Sabadell y Girona","publisher":{"@id":"https:\/\/metrecubic.com\/es\/#organization"},"potentialAction":[{"@type":"SearchAction","target":{"@type":"EntryPoint","urlTemplate":"https:\/\/metrecubic.com\/es\/?s={search_term_string}"},"query-input":{"@type":"PropertyValueSpecification","valueRequired":true,"valueName":"search_term_string"}}],"inLanguage":"es"},{"@type":"Organization","@id":"https:\/\/metrecubic.com\/es\/#organization","name":"METRECUBIC","url":"https:\/\/metrecubic.com\/es\/","logo":{"@type":"ImageObject","inLanguage":"es","@id":"https:\/\/metrecubic.com\/es\/#\/schema\/logo\/image\/","url":"https:\/\/metrecubic.com\/wp-content\/uploads\/logo-metrecubic.png","contentUrl":"https:\/\/metrecubic.com\/wp-content\/uploads\/logo-metrecubic.png","width":159,"height":159,"caption":"METRECUBIC"},"image":{"@id":"https:\/\/metrecubic.com\/es\/#\/schema\/logo\/image\/"}}]}},"_links":{"self":[{"href":"https:\/\/metrecubic.com\/es\/wp-json\/wp\/v2\/pages\/3","targetHints":{"allow":["GET"]}}],"collection":[{"href":"https:\/\/metrecubic.com\/es\/wp-json\/wp\/v2\/pages"}],"about":[{"href":"https:\/\/metrecubic.com\/es\/wp-json\/wp\/v2\/types\/page"}],"author":[{"embeddable":true,"href":"https:\/\/metrecubic.com\/es\/wp-json\/wp\/v2\/users\/1"}],"replies":[{"embeddable":true,"href":"https:\/\/metrecubic.com\/es\/wp-json\/wp\/v2\/comments?post=3"}],"version-history":[{"count":0,"href":"https:\/\/metrecubic.com\/es\/wp-json\/wp\/v2\/pages\/3\/revisions"}],"wp:attachment":[{"href":"https:\/\/metrecubic.com\/es\/wp-json\/wp\/v2\/media?parent=3"}],"curies":[{"name":"wp","href":"https:\/\/api.w.org\/{rel}","templated":true}]}}