{"id":4434,"date":"2024-09-02T06:16:21","date_gmt":"2024-09-02T06:16:21","guid":{"rendered":"https:\/\/metrecubic.com\/politica-de-cookies-ue\/"},"modified":"2024-09-02T06:16:21","modified_gmt":"2024-09-02T06:16:21","slug":"politica-de-cookies-ue","status":"publish","type":"page","link":"https:\/\/metrecubic.com\/ca\/politica-de-cookies-ue\/","title":{"rendered":"Pol\u00edtica de cookies (UE)"},"content":{"rendered":"<p>Data d&#8217;entrada: 15-maig-2024 <\/p>\n<h2>Qu\u00e8 s\u00f3n les cookies?<\/h2>\n<p> Aquesta Pol\u00edtica de Cookies explica qu\u00e8 s\u00f3n les cookies i com les utilitzem, els tipus de cookies que utilitzem, \u00e9s a dir, la informaci\u00f3 que recopilem utilitzant cookies i com s&#8217;utilitza aquesta informaci\u00f3, i com gestionar la configuraci\u00f3 de les cookies. Les cookies s\u00f3n petits arxius de text que s&#8217;utilitzen per a emmagatzemar petites peces d&#8217;informaci\u00f3. Aquestes cookies ens ajuden al fet que el lloc web funcioni correctament, al fet que sigui m\u00e9s segur, a proporcionar una millor experi\u00e8ncia a l&#8217;usuari i a comprendre com funciona el lloc web, aix\u00ed com a analitzar qu\u00e8 funciona i quins aspectes han de millorar-se.   <\/p>\n<h2>Com utilitzem les cookies?<\/h2>\n<p> Com la majoria dels serveis en l\u00ednia, el nostre lloc web utilitza cookies pr\u00f2pies i de tercers per a diversos fins. Les cookies d&#8217;origen s\u00f3n en la seva majoria necess\u00e0ries perqu\u00e8 el lloc web funcioni correctament, i no recullen cap dada personal que pugui identificar-li. Les cookies de tercers utilitzades en el nostre lloc web serveixen principalment per a comprendre com funciona el lloc web, com interactua vost\u00e8 amb el nostre lloc web, mantenir els nostres serveis segurs, oferir anuncis que siguin rellevants per a vost\u00e8 i, en definitiva, oferir-li una experi\u00e8ncia d&#8217;usuari millor i m\u00e9s r\u00e0pida i ajudar-lo a agilitzar les seves futures interaccions amb el nostre lloc web.   [wcc_category_list]<\/p>\n<h2>Gestionar les prefer\u00e8ncies de cookies<\/h2>\n<p> Pot canviar les seves prefer\u00e8ncies de cookies en qualsevol moment fent clic en el bot\u00f3 [wcc_preference_button].<br \/>\nEsto le permitir\u00e1 volver a visitar el banner de consentimiento de cookies y cambiar sus preferencias o retirar su consentimiento de inmediato.<br \/>\nAdem\u00e1s, los distintos navegadores ofrecen diferentes m\u00e9todos para bloquear y eliminar las cookies utilizadas por los sitios web.<br \/>\nPuede cambiar la configuraci\u00f3n de su navegador para bloquear o eliminar las cookies.<br \/>\nA continuaci\u00f3n figuran los enlaces a los documentos de apoyo sobre c\u00f3mo gestionar y eliminar las cookies de los principales navegadores web.<br \/>\nChrome: <a href=\"https:\/\/support.apple.com\/en-in\/guide\/safari\/sfri11471\/mac\"> https:\/\/support.google.com\/accounts\/answer\/32050<\/a> Safari: <a href=\"https:\/\/support.mozilla.org\/en-US\/kb\/clear-cookies-and-site-data-firefox?redirectslug=delete-cookies-remove-info-websites-stored&amp;redirectlocale=en-US\">https:\/\/support.apple.com\/en-in\/guide\/safari\/sfri11471\/mac<\/a> Firefox: <a href=\"https:\/\/support.microsoft.com\/en-us\/microsoft-edge\/delete-cookies-in-microsoft-edge-63947406-40ac-c3b8-57b9-2a946a29ae09\">https:\/\/support.mozilla.org\/en-US\/kb\/clear-cookies-and-site-data-firefox?redirectslug=delete-cookies-remove-info-websites-stored&amp;redirectlocale=en-US<\/a> Microsoft Edge: <a href=\"\"> Delete cookies in Microsoft Edge &#8211; Microsoft Support<\/a> Si utiliza cualquier otro navegador, consulte la documentaci\u00f3n oficial de su navegador.     <\/p>\n","protected":false},"excerpt":{"rendered":"<p>Data d&#8217;entrada: 15-maig-2024 Qu\u00e8 s\u00f3n les cookies? Aquesta Pol\u00edtica de Cookies explica qu\u00e8 s\u00f3n les cookies i com les utilitzem, els tipus de cookies que utilitzem, \u00e9s a dir, la &hellip;<\/p>\n","protected":false},"author":1,"featured_media":0,"parent":0,"menu_order":0,"comment_status":"closed","ping_status":"closed","template":"","meta":{"_acf_changed":false,"footnotes":""},"class_list":["post-4434","page","type-page","status-publish","hentry"],"acf":[],"yoast_head":"<!-- This site is optimized with the Yoast SEO plugin v27.4 - https:\/\/yoast.com\/product\/yoast-seo-wordpress\/ -->\n<title>Pol\u00edtica de cookies (UE) - METRECUBIC<\/title>\n<meta name=\"description\" content=\"Data d&#039;entrada: 15-maig-2024 Qu\u00e8 s\u00f3n les cookies? Aquesta Pol\u00edtica de Cookies explica qu\u00e8 s\u00f3n les cookies i com les utilitzem, els tipus de cookies que\" \/>\n<meta name=\"robots\" content=\"index, follow, max-snippet:-1, max-image-preview:large, max-video-preview:-1\" \/>\n<link rel=\"canonical\" href=\"https:\/\/metrecubic.com\/ca\/politica-de-cookies-ue\/\" \/>\n<meta property=\"og:locale\" content=\"ca_ES\" \/>\n<meta property=\"og:type\" content=\"article\" \/>\n<meta property=\"og:title\" content=\"Pol\u00edtica de cookies (UE) - METRECUBIC\" \/>\n<meta property=\"og:description\" content=\"Data d&#039;entrada: 15-maig-2024 Qu\u00e8 s\u00f3n les cookies? Aquesta Pol\u00edtica de Cookies explica qu\u00e8 s\u00f3n les cookies i com les utilitzem, els tipus de cookies que\" \/>\n<meta property=\"og:url\" content=\"https:\/\/metrecubic.com\/ca\/politica-de-cookies-ue\/\" \/>\n<meta property=\"og:site_name\" content=\"METRECUBIC\" \/>\n<meta name=\"twitter:card\" content=\"summary_large_image\" \/>\n<meta name=\"twitter:label1\" content=\"Temps estimat de lectura\" \/>\n\t<meta name=\"twitter:data1\" content=\"2 minuts\" \/>\n<script type=\"application\/ld+json\" class=\"yoast-schema-graph\">{\"@context\":\"https:\\\/\\\/schema.org\",\"@graph\":[{\"@type\":\"WebPage\",\"@id\":\"https:\\\/\\\/metrecubic.com\\\/ca\\\/politica-de-cookies-ue\\\/\",\"url\":\"https:\\\/\\\/metrecubic.com\\\/ca\\\/politica-de-cookies-ue\\\/\",\"name\":\"Pol\u00edtica de cookies (UE) - METRECUBIC\",\"isPartOf\":{\"@id\":\"https:\\\/\\\/metrecubic.com\\\/ca\\\/#website\"},\"datePublished\":\"2024-09-02T06:16:21+00:00\",\"description\":\"Data d'entrada: 15-maig-2024 Qu\u00e8 s\u00f3n les cookies? Aquesta Pol\u00edtica de Cookies explica qu\u00e8 s\u00f3n les cookies i com les utilitzem, els tipus de cookies que\",\"breadcrumb\":{\"@id\":\"https:\\\/\\\/metrecubic.com\\\/ca\\\/politica-de-cookies-ue\\\/#breadcrumb\"},\"inLanguage\":\"ca\",\"potentialAction\":[{\"@type\":\"ReadAction\",\"target\":[\"https:\\\/\\\/metrecubic.com\\\/ca\\\/politica-de-cookies-ue\\\/\"]}]},{\"@type\":\"BreadcrumbList\",\"@id\":\"https:\\\/\\\/metrecubic.com\\\/ca\\\/politica-de-cookies-ue\\\/#breadcrumb\",\"itemListElement\":[{\"@type\":\"ListItem\",\"position\":1,\"name\":\"Portada\",\"item\":\"https:\\\/\\\/metrecubic.com\\\/ca\\\/\"},{\"@type\":\"ListItem\",\"position\":2,\"name\":\"Pol\u00edtica de cookies (UE)\"}]},{\"@type\":\"WebSite\",\"@id\":\"https:\\\/\\\/metrecubic.com\\\/ca\\\/#website\",\"url\":\"https:\\\/\\\/metrecubic.com\\\/ca\\\/\",\"name\":\"METRECUBIC\",\"description\":\"Mudanzas y trasteros Sabadell y Girona\",\"publisher\":{\"@id\":\"https:\\\/\\\/metrecubic.com\\\/ca\\\/#organization\"},\"potentialAction\":[{\"@type\":\"SearchAction\",\"target\":{\"@type\":\"EntryPoint\",\"urlTemplate\":\"https:\\\/\\\/metrecubic.com\\\/ca\\\/?s={search_term_string}\"},\"query-input\":{\"@type\":\"PropertyValueSpecification\",\"valueRequired\":true,\"valueName\":\"search_term_string\"}}],\"inLanguage\":\"ca\"},{\"@type\":\"Organization\",\"@id\":\"https:\\\/\\\/metrecubic.com\\\/ca\\\/#organization\",\"name\":\"METRECUBIC\",\"url\":\"https:\\\/\\\/metrecubic.com\\\/ca\\\/\",\"logo\":{\"@type\":\"ImageObject\",\"inLanguage\":\"ca\",\"@id\":\"https:\\\/\\\/metrecubic.com\\\/ca\\\/#\\\/schema\\\/logo\\\/image\\\/\",\"url\":\"https:\\\/\\\/metrecubic.com\\\/wp-content\\\/uploads\\\/logo-metrecubic.png\",\"contentUrl\":\"https:\\\/\\\/metrecubic.com\\\/wp-content\\\/uploads\\\/logo-metrecubic.png\",\"width\":159,\"height\":159,\"caption\":\"METRECUBIC\"},\"image\":{\"@id\":\"https:\\\/\\\/metrecubic.com\\\/ca\\\/#\\\/schema\\\/logo\\\/image\\\/\"}}]}<\/script>\n<!-- \/ Yoast SEO plugin. -->","yoast_head_json":{"title":"Pol\u00edtica de cookies (UE) - METRECUBIC","description":"Data d'entrada: 15-maig-2024 Qu\u00e8 s\u00f3n les cookies? Aquesta Pol\u00edtica de Cookies explica qu\u00e8 s\u00f3n les cookies i com les utilitzem, els tipus de cookies que","robots":{"index":"index","follow":"follow","max-snippet":"max-snippet:-1","max-image-preview":"max-image-preview:large","max-video-preview":"max-video-preview:-1"},"canonical":"https:\/\/metrecubic.com\/ca\/politica-de-cookies-ue\/","og_locale":"ca_ES","og_type":"article","og_title":"Pol\u00edtica de cookies (UE) - METRECUBIC","og_description":"Data d'entrada: 15-maig-2024 Qu\u00e8 s\u00f3n les cookies? Aquesta Pol\u00edtica de Cookies explica qu\u00e8 s\u00f3n les cookies i com les utilitzem, els tipus de cookies que","og_url":"https:\/\/metrecubic.com\/ca\/politica-de-cookies-ue\/","og_site_name":"METRECUBIC","twitter_card":"summary_large_image","twitter_misc":{"Temps estimat de lectura":"2 minuts"},"schema":{"@context":"https:\/\/schema.org","@graph":[{"@type":"WebPage","@id":"https:\/\/metrecubic.com\/ca\/politica-de-cookies-ue\/","url":"https:\/\/metrecubic.com\/ca\/politica-de-cookies-ue\/","name":"Pol\u00edtica de cookies (UE) - METRECUBIC","isPartOf":{"@id":"https:\/\/metrecubic.com\/ca\/#website"},"datePublished":"2024-09-02T06:16:21+00:00","description":"Data d'entrada: 15-maig-2024 Qu\u00e8 s\u00f3n les cookies? Aquesta Pol\u00edtica de Cookies explica qu\u00e8 s\u00f3n les cookies i com les utilitzem, els tipus de cookies que","breadcrumb":{"@id":"https:\/\/metrecubic.com\/ca\/politica-de-cookies-ue\/#breadcrumb"},"inLanguage":"ca","potentialAction":[{"@type":"ReadAction","target":["https:\/\/metrecubic.com\/ca\/politica-de-cookies-ue\/"]}]},{"@type":"BreadcrumbList","@id":"https:\/\/metrecubic.com\/ca\/politica-de-cookies-ue\/#breadcrumb","itemListElement":[{"@type":"ListItem","position":1,"name":"Portada","item":"https:\/\/metrecubic.com\/ca\/"},{"@type":"ListItem","position":2,"name":"Pol\u00edtica de cookies (UE)"}]},{"@type":"WebSite","@id":"https:\/\/metrecubic.com\/ca\/#website","url":"https:\/\/metrecubic.com\/ca\/","name":"METRECUBIC","description":"Mudanzas y trasteros Sabadell y Girona","publisher":{"@id":"https:\/\/metrecubic.com\/ca\/#organization"},"potentialAction":[{"@type":"SearchAction","target":{"@type":"EntryPoint","urlTemplate":"https:\/\/metrecubic.com\/ca\/?s={search_term_string}"},"query-input":{"@type":"PropertyValueSpecification","valueRequired":true,"valueName":"search_term_string"}}],"inLanguage":"ca"},{"@type":"Organization","@id":"https:\/\/metrecubic.com\/ca\/#organization","name":"METRECUBIC","url":"https:\/\/metrecubic.com\/ca\/","logo":{"@type":"ImageObject","inLanguage":"ca","@id":"https:\/\/metrecubic.com\/ca\/#\/schema\/logo\/image\/","url":"https:\/\/metrecubic.com\/wp-content\/uploads\/logo-metrecubic.png","contentUrl":"https:\/\/metrecubic.com\/wp-content\/uploads\/logo-metrecubic.png","width":159,"height":159,"caption":"METRECUBIC"},"image":{"@id":"https:\/\/metrecubic.com\/ca\/#\/schema\/logo\/image\/"}}]}},"_links":{"self":[{"href":"https:\/\/metrecubic.com\/ca\/wp-json\/wp\/v2\/pages\/4434","targetHints":{"allow":["GET"]}}],"collection":[{"href":"https:\/\/metrecubic.com\/ca\/wp-json\/wp\/v2\/pages"}],"about":[{"href":"https:\/\/metrecubic.com\/ca\/wp-json\/wp\/v2\/types\/page"}],"author":[{"embeddable":true,"href":"https:\/\/metrecubic.com\/ca\/wp-json\/wp\/v2\/users\/1"}],"replies":[{"embeddable":true,"href":"https:\/\/metrecubic.com\/ca\/wp-json\/wp\/v2\/comments?post=4434"}],"version-history":[{"count":0,"href":"https:\/\/metrecubic.com\/ca\/wp-json\/wp\/v2\/pages\/4434\/revisions"}],"wp:attachment":[{"href":"https:\/\/metrecubic.com\/ca\/wp-json\/wp\/v2\/media?parent=4434"}],"curies":[{"name":"wp","href":"https:\/\/api.w.org\/{rel}","templated":true}]}}