{"id":1819,"date":"2022-03-30T09:27:15","date_gmt":"2022-03-30T09:27:15","guid":{"rendered":"https:\/\/metrecubic.com\/politica-de-privacitat\/"},"modified":"2024-07-23T07:25:41","modified_gmt":"2024-07-23T07:25:41","slug":"politica-de-privacitat","status":"publish","type":"page","link":"https:\/\/metrecubic.com\/ca\/politica-de-privacitat\/","title":{"rendered":"Pol\u00edtica de privacitat"},"content":{"rendered":"\n<h3><strong>Procediment d&#8217;adquisici\u00f3 de productes i\/o serveis en el portal.<\/strong><\/h3>\n<p>Per a l&#8217;adquisici\u00f3 o compra dels productes i\/o serveis en el portal, l&#8217;usuari haur\u00e0 de seguir les indicacions que se li mostrin en pantalla i acceptar la compra mitjan\u00e7ant el compliment de les citades indicacions, la qual cosa suposa al seu torn la lectura i acceptaci\u00f3 irrevocable de totes les presents Condicions Generals de Contractaci\u00f3 i d&#8217;\u00das del portal, aix\u00ed com si n&#8217;hi hagu\u00e9s, de les Condicions Particulars que poguessin existir i ser aplicable.<\/p>\n<p>L&#8217;usuari navegar\u00e0 per les diferents seccions i seleccionar\u00e0 el producte o productes que desitgi adquirir fent \u00abclic\u00bb sobre el bot\u00f3 \u00abafegir\u00bb. Els productes que es vagin seleccionant per l&#8217;usuari es van acumulant en el que es denomina \u00abcarret\u00bb. En qualsevol moment i al final del proc\u00e9s de compra, una vegada triats tots els productes i\/o serveis, l&#8217;usuari haur\u00e0 de fer \u00abclic\u00bb sobre en el bot\u00f3 \u00bb Confirmar Pagament\u00bb, sent redirigit a una s\u00e8rie de p\u00e0gines en les quals, segons correspongui, se l&#8217;informar\u00e0 que l&#8217;adquisici\u00f3 de la comanda es troba subjecte a previ pagament i se li anir\u00e0 mostrant el seg\u00fcent contingut en relaci\u00f3 amb els successius passos de compra; a saber:<\/p>\n<p>Els productes estaran disponibles per a la seva venda fins a fi d&#8217;exist\u00e8ncies. Els preus dels productes i serveis (ex. instal\u00b7lacions) indicats en pantalla s\u00f3n en euros i inclouen l&#8217;IVA i\/o qualsevol altre impost que fos aplicable, i seran en tot moment els vigents, excepte error tipogr\u00e0fic. Els productes que es vagin seleccionant per l&#8217;usuari es van acumulant en el que es denomina \u00abcarret\u00bb.<\/p>\n<p><strong>En cas de no disponibilitat del producte<\/strong> o del servei sol\u00b7licitat despr\u00e9s d&#8217;haver-se realitzat la comanda, o quan SELF STORAGE METRECUBIC 2006 S.L.,\u00a0B17887027,\u00a0 Ind\u00fastria, 10, 17005 Girona, Girona, Espanya (d&#8217;ara endavant METRECUBIC) detecti que la comanda pot sofrir una demora en el lliurament o en la prestaci\u00f3, s&#8217;informar\u00e0 l&#8217;usuari per tel\u00e8fon o correu electr\u00f2nic d&#8217;aquesta situaci\u00f3, per a confirmar-li un nou termini de lliurament o de prestaci\u00f3, o procedir a la seva anul\u00b7laci\u00f3 o substituci\u00f3 per un altre producte o servei d&#8217;acord amb l&#8217;usuari.<\/p>\n<p><strong>Resum de la compra<\/strong>: llistat amb breu descripci\u00f3, quantitat i preu amb possibilitat d&#8217;afegir o eliminar de la llista, selecci\u00f3 de mode d&#8217;enviament<\/p>\n<p>Despr\u00e9s d&#8217;haver decidit els productes i\/o serveis a adquirir i el <strong>m\u00e8tode d&#8217;enviament<\/strong>, l&#8217;usuari haur\u00e0 de fer \u00abclic\u00bb sobre un altre bot\u00f3 denominat \u00abConfirmar Pagament\u201d. Una vegada realitzat el \u201cclic\u201d se li sol\u00b7licitaran a l&#8217;usuari les seg\u00fcents dades: a) adre\u00e7a d&#8217;enviament (adre\u00e7a particular o propi establiment f\u00edsic\/botiga de METRECUBIC \u2013Recollida en botiga (Sabadell o Girona; b) dades de facturaci\u00f3 (amb possibilitat que aquestes \u00faltimes dades no resulti ser necessari introduir-los de nou, si s\u00f3n els mateixos que les dades d&#8217;enviament) Una vegada emplenats tals dades, l&#8217;usuari haur\u00e0 de fer \u00abclic\u00bb sobre el bot\u00f3 \u00abseg\u00fcent\u00bb perqu\u00e8 se li mostri la p\u00e0gina relativa a les possibles formes de pagament.<\/p>\n<p>El <strong>pagament<\/strong> del preu dels b\u00e9ns o serveis comprats i de les despeses d&#8217;enviament, els quals apareixeran en pantalla, es podr\u00e0 realitzar tant mitjan\u00e7ant targeta de cr\u00e8dit, amb targeta de d\u00e8bit, targetes Visa, Mastercard. L&#8217;usuari haur\u00e0 de seleccionar, entre els diferents m\u00e8todes oferts, aquell que tri\u00ef per a efectuar pagament, havent de procedir a emplenar les dades o el formulari al qual sigui redirigit en funci\u00f3 del m\u00e8tode del qual en cada cas s&#8217;hagi seleccionat.<\/p>\n<p><strong>Per a procedir al pagament<\/strong>, l&#8217;usuari haur\u00e0 de seguir totes i cadascuna de les instruccions que apareixen en pantalla, proporcionant la informaci\u00f3 que li sigui sol\u00b7licitada en aquesta.<\/p>\n<p>Totes les dades proporcionades a aquest efecte s\u00f3n encriptats per a garantir la m\u00e0xima seguretat dels mateixos i s&#8217;allotgen en un servidor segur certificat segons el protocol SSL.<\/p>\n<p>Una vegada seleccionat la forma de pagament i emplenats les dades necess\u00e0ries, l&#8217;usuari haur\u00e0 de fer \u00abclic\u00bb sobre el bot\u00f3 \u00abConfirmar Pagament \u00ab, sent llavors redirigit a una nova pantalla en la qual se li mostrar\u00e0 la informaci\u00f3 relativa a la seva compra: dades de lliurament, llistat amb preus de producte i\/o serveis i n\u00famero de comanda. La mateixa informaci\u00f3 ser\u00e0 autom\u00e0ticament enviada a l&#8217;adre\u00e7a de correu electr\u00f2nic facilitada per l&#8217;usuari. L&#8217;usuari podr\u00e0 consultar en qualsevol moment l&#8217;estat de la seva comanda, aix\u00ed com qualsevol dubte en relaci\u00f3 amb el mateix a trav\u00e9s del envio d&#8217;un correu electr\u00f2nic a <a href=\"mailto:info@metrecubic.com\">info@metrecubic.com<\/a><\/p>\n<p>METRECUBIC es reserva el dret a sol\u00b7licitar de qualsevol usuari del portal que hagi fet una compra, que justifiqui el pagament de la mateixa i\/o que s&#8217;identifiqui mitjan\u00e7ant l&#8217;aportaci\u00f3 per mig telem\u00e0tic (fax, e-mail o similar) o f\u00edsic (en les pr\u00f2pies botigues de METRECUBIC) d&#8217;un document que l&#8217;identifiqui com a comprador, o representant del comprador, i que pugui incloure, si \u00e9s el cas, el domicili de lliurament (Document Nacional d&#8217;Identitat \/ N\u00famero d&#8217;Identificaci\u00f3 d&#8217;Estrangers, Passaport, Targeta de perm\u00eds de resid\u00e8ncia, Certificat d&#8217;empadronament, T\u00edtols de representaci\u00f3 de persones jur\u00eddiques, etc<\/p>\n<p>Tota la informaci\u00f3 proporcionada durant el proc\u00e9s de contractaci\u00f3 ser\u00e0 emmagatzemat per METRECUBIC de manera que l&#8217;usuari podr\u00e0, pr\u00e8via sol\u00b7licitud efectuada per escrit o per email, sol\u00b7licitar informaci\u00f3 referent a les operacions efectuades per ell dins dels sis (6) mesos anteriors. Qualsevol modificaci\u00f3 i\/o correcci\u00f3 de les dades proporcionades pels usuaris durant la navegaci\u00f3 haur\u00e0 d&#8217;efectuar-se segons les indicacions incloses en el Portal.<\/p>\n<p>L&#8217;usuari t\u00e9 dret a rebre, gratu\u00eftament, la factura de les seves compres per correu electr\u00f2nic.<\/p>\n<p>En cas d&#8217;usuaris persones jur\u00eddiques, les persones f\u00edsiques que actu\u00efn en el seu nom i representaci\u00f3, a trav\u00e9s del present portal, garanteixen enfront de METRECUBIC i tercers que actuen en virtut d&#8217;un v\u00e0lid t\u00edtol de representaci\u00f3 degudament atorgat al seu favor per la corresponent persona jur\u00eddica i que es troben en vigor en el moment de realitzar l&#8217;oportuna transacci\u00f3. En aquest sentit, les persones f\u00edsiques que actuen en nom de les persones jur\u00eddiques garanteixen que en el moment de realitzar la transacci\u00f3 no estan vulnerant drets de cap tercer sobre aquest tema i que les dades i informaci\u00f3 relativa a les persones jur\u00eddiques s\u00f3n veraces, exactes i fiables. En conseq\u00fc\u00e8ncia, les persones f\u00edsiques que actuen en nom de qualsevol persona jur\u00eddica assumeixen, de manera plena i exclusiva, qualsevol responsabilitat que pogu\u00e9s derivar-se de la falta de veracitat o exactitud de la seva representaci\u00f3 i informacions o comunicacions facilitades en l&#8217;\u00fas del present portal. Per aix\u00f2, les persones f\u00edsiques que actuen en nom de qualsevol persona jur\u00eddica hauran de mantenir indemnes, sense l\u00edmit econ\u00f2mic, a METRECUBIC enfront de qualsevol responsabilitat que li pugui ser exigida en relaci\u00f3 amb la seva citada representaci\u00f3 i informacions o comunicacions facilitades en l&#8217;\u00fas del present portal. Aix\u00ed mateix, METRECUBIC no podr\u00e0 responsabilitzar-se de cap mal, p\u00e8rdua o perjudici en persones i\/o b\u00e9ns que portin causa o es relacionin amb l&#8217;anteriorment estipulat.<\/p>\n<p><strong>Dret de desistiment: <\/strong>El client tindr\u00e0 el dret a desistir de la compra durant un per\u00edode de 14 dies naturals, a comptar des del dia del pagament d&#8217;aquesta.<br \/>Per a exercir el dret de desistiment, l&#8217;usuari haur\u00e0 de notificar a METRECUBIC, Carrer Ind\u00fastria 10. Girona 17005, tel\u00e8fon 972 40 59 96, la seva decisi\u00f3 de desistir del contracte a trav\u00e9s d&#8217;una declaraci\u00f3 inequ\u00edvoca, enviant un correu electr\u00f2nic a la seg\u00fcent adre\u00e7a: info@metrecubic.com en un termini no superior a catorze (14) dies naturals, comptats a partir de la recepci\u00f3 del Producte.<br \/>El desistiment comporta la devoluci\u00f3 de l&#8217;import total pagat, a excepci\u00f3 de les despeses per transport ocasionats per la devoluci\u00f3 (Ports de retorn).<\/p>\n<h3>Servei de magatzematge (trasters) i del Servei de mudances<\/h3>\n<p>En present\u00a0portal\u00a0\u00a0\u201c<a href=\"https:\/\/metrecubic.com\/\">www.metrecubic.com<\/a>\u201d , exclusivament la contractaci\u00f3 del Servei de magatzematge (trasters) i del Servei de mudances gestionats des del nostre centre de Sabadell, \u00e9s titularitat de <strong>PORTALMAR\u00a0 2006 SL<\/strong>\u00a0qui posa a la disposici\u00f3 dels usuaris, persones f\u00edsiques i jur\u00eddiques, d&#8217;Internet amb la finalitat de, entre altres, proporcionar i permetre informaci\u00f3, consultes i atenci\u00f3 sobre els productes, serveis, i ofertes de <strong>PORTALMAR 2006 SL<\/strong><\/p>\n<p>Les nostres dades s\u00f3n els seg\u00fcents:<\/p>\n<ul>\n<li>PORTALMAR 2006 SL<\/li>\n<li>Carrer Rocafort 39 de Sabadell 08205<\/li>\n<li>C.I.F. B64098106<\/li>\n<li>Tel\u00e8fon: 937 269 264, de dilluns a divendres, tots dos inclosos, de 9.00 a 19.00, excepte festius nacionals i locals.<\/li>\n<\/ul>\n","protected":false},"excerpt":{"rendered":"<p>Procediment d&#8217;adquisici\u00f3 de productes i\/o serveis en el portal. Per a l&#8217;adquisici\u00f3 o compra dels productes i\/o serveis en el portal, l&#8217;usuari haur\u00e0 de seguir les indicacions que se li &hellip;<\/p>\n","protected":false},"author":1,"featured_media":0,"parent":0,"menu_order":0,"comment_status":"closed","ping_status":"open","template":"page-templates\/page-basic-page.php","meta":{"_acf_changed":false,"footnotes":""},"class_list":["post-1819","page","type-page","status-publish","hentry"],"acf":[],"yoast_head":"<!-- This site is optimized with the Yoast SEO plugin v27.4 - https:\/\/yoast.com\/product\/yoast-seo-wordpress\/ -->\n<title>Pol\u00edtica de privacitat - METRECUBIC<\/title>\n<meta name=\"description\" content=\"Procediment d&#039;adquisici\u00f3 de productes i\/o serveis en el portal. Per a l&#039;adquisici\u00f3 o compra dels productes i\/o serveis en el portal, l&#039;usuari haur\u00e0 de\" \/>\n<meta name=\"robots\" content=\"index, follow, max-snippet:-1, max-image-preview:large, max-video-preview:-1\" \/>\n<link rel=\"canonical\" href=\"https:\/\/metrecubic.com\/ca\/politica-de-privacitat\/\" \/>\n<meta property=\"og:locale\" content=\"ca_ES\" \/>\n<meta property=\"og:type\" content=\"article\" \/>\n<meta property=\"og:title\" content=\"Pol\u00edtica de privacitat - METRECUBIC\" \/>\n<meta property=\"og:description\" content=\"Procediment d&#039;adquisici\u00f3 de productes i\/o serveis en el portal. Per a l&#039;adquisici\u00f3 o compra dels productes i\/o serveis en el portal, l&#039;usuari haur\u00e0 de\" \/>\n<meta property=\"og:url\" content=\"https:\/\/metrecubic.com\/ca\/politica-de-privacitat\/\" \/>\n<meta property=\"og:site_name\" content=\"METRECUBIC\" \/>\n<meta property=\"article:modified_time\" content=\"2024-07-23T07:25:41+00:00\" \/>\n<meta name=\"twitter:card\" content=\"summary_large_image\" \/>\n<meta name=\"twitter:label1\" content=\"Temps estimat de lectura\" \/>\n\t<meta name=\"twitter:data1\" content=\"7 minuts\" \/>\n<script type=\"application\/ld+json\" class=\"yoast-schema-graph\">{\"@context\":\"https:\\\/\\\/schema.org\",\"@graph\":[{\"@type\":\"WebPage\",\"@id\":\"https:\\\/\\\/metrecubic.com\\\/ca\\\/politica-de-privacitat\\\/\",\"url\":\"https:\\\/\\\/metrecubic.com\\\/ca\\\/politica-de-privacitat\\\/\",\"name\":\"Pol\u00edtica de privacitat - METRECUBIC\",\"isPartOf\":{\"@id\":\"https:\\\/\\\/metrecubic.com\\\/ca\\\/#website\"},\"datePublished\":\"2022-03-30T09:27:15+00:00\",\"dateModified\":\"2024-07-23T07:25:41+00:00\",\"description\":\"Procediment d'adquisici\u00f3 de productes i\\\/o serveis en el portal. Per a l'adquisici\u00f3 o compra dels productes i\\\/o serveis en el portal, l'usuari haur\u00e0 de\",\"breadcrumb\":{\"@id\":\"https:\\\/\\\/metrecubic.com\\\/ca\\\/politica-de-privacitat\\\/#breadcrumb\"},\"inLanguage\":\"ca\",\"potentialAction\":[{\"@type\":\"ReadAction\",\"target\":[\"https:\\\/\\\/metrecubic.com\\\/ca\\\/politica-de-privacitat\\\/\"]}]},{\"@type\":\"BreadcrumbList\",\"@id\":\"https:\\\/\\\/metrecubic.com\\\/ca\\\/politica-de-privacitat\\\/#breadcrumb\",\"itemListElement\":[{\"@type\":\"ListItem\",\"position\":1,\"name\":\"Portada\",\"item\":\"https:\\\/\\\/metrecubic.com\\\/ca\\\/\"},{\"@type\":\"ListItem\",\"position\":2,\"name\":\"Pol\u00edtica de privacitat\"}]},{\"@type\":\"WebSite\",\"@id\":\"https:\\\/\\\/metrecubic.com\\\/ca\\\/#website\",\"url\":\"https:\\\/\\\/metrecubic.com\\\/ca\\\/\",\"name\":\"METRECUBIC\",\"description\":\"Mudanzas y trasteros Sabadell y Girona\",\"publisher\":{\"@id\":\"https:\\\/\\\/metrecubic.com\\\/ca\\\/#organization\"},\"potentialAction\":[{\"@type\":\"SearchAction\",\"target\":{\"@type\":\"EntryPoint\",\"urlTemplate\":\"https:\\\/\\\/metrecubic.com\\\/ca\\\/?s={search_term_string}\"},\"query-input\":{\"@type\":\"PropertyValueSpecification\",\"valueRequired\":true,\"valueName\":\"search_term_string\"}}],\"inLanguage\":\"ca\"},{\"@type\":\"Organization\",\"@id\":\"https:\\\/\\\/metrecubic.com\\\/ca\\\/#organization\",\"name\":\"METRECUBIC\",\"url\":\"https:\\\/\\\/metrecubic.com\\\/ca\\\/\",\"logo\":{\"@type\":\"ImageObject\",\"inLanguage\":\"ca\",\"@id\":\"https:\\\/\\\/metrecubic.com\\\/ca\\\/#\\\/schema\\\/logo\\\/image\\\/\",\"url\":\"https:\\\/\\\/metrecubic.com\\\/wp-content\\\/uploads\\\/logo-metrecubic.png\",\"contentUrl\":\"https:\\\/\\\/metrecubic.com\\\/wp-content\\\/uploads\\\/logo-metrecubic.png\",\"width\":159,\"height\":159,\"caption\":\"METRECUBIC\"},\"image\":{\"@id\":\"https:\\\/\\\/metrecubic.com\\\/ca\\\/#\\\/schema\\\/logo\\\/image\\\/\"}}]}<\/script>\n<!-- \/ Yoast SEO plugin. -->","yoast_head_json":{"title":"Pol\u00edtica de privacitat - METRECUBIC","description":"Procediment d'adquisici\u00f3 de productes i\/o serveis en el portal. Per a l'adquisici\u00f3 o compra dels productes i\/o serveis en el portal, l'usuari haur\u00e0 de","robots":{"index":"index","follow":"follow","max-snippet":"max-snippet:-1","max-image-preview":"max-image-preview:large","max-video-preview":"max-video-preview:-1"},"canonical":"https:\/\/metrecubic.com\/ca\/politica-de-privacitat\/","og_locale":"ca_ES","og_type":"article","og_title":"Pol\u00edtica de privacitat - METRECUBIC","og_description":"Procediment d'adquisici\u00f3 de productes i\/o serveis en el portal. Per a l'adquisici\u00f3 o compra dels productes i\/o serveis en el portal, l'usuari haur\u00e0 de","og_url":"https:\/\/metrecubic.com\/ca\/politica-de-privacitat\/","og_site_name":"METRECUBIC","article_modified_time":"2024-07-23T07:25:41+00:00","twitter_card":"summary_large_image","twitter_misc":{"Temps estimat de lectura":"7 minuts"},"schema":{"@context":"https:\/\/schema.org","@graph":[{"@type":"WebPage","@id":"https:\/\/metrecubic.com\/ca\/politica-de-privacitat\/","url":"https:\/\/metrecubic.com\/ca\/politica-de-privacitat\/","name":"Pol\u00edtica de privacitat - METRECUBIC","isPartOf":{"@id":"https:\/\/metrecubic.com\/ca\/#website"},"datePublished":"2022-03-30T09:27:15+00:00","dateModified":"2024-07-23T07:25:41+00:00","description":"Procediment d'adquisici\u00f3 de productes i\/o serveis en el portal. Per a l'adquisici\u00f3 o compra dels productes i\/o serveis en el portal, l'usuari haur\u00e0 de","breadcrumb":{"@id":"https:\/\/metrecubic.com\/ca\/politica-de-privacitat\/#breadcrumb"},"inLanguage":"ca","potentialAction":[{"@type":"ReadAction","target":["https:\/\/metrecubic.com\/ca\/politica-de-privacitat\/"]}]},{"@type":"BreadcrumbList","@id":"https:\/\/metrecubic.com\/ca\/politica-de-privacitat\/#breadcrumb","itemListElement":[{"@type":"ListItem","position":1,"name":"Portada","item":"https:\/\/metrecubic.com\/ca\/"},{"@type":"ListItem","position":2,"name":"Pol\u00edtica de privacitat"}]},{"@type":"WebSite","@id":"https:\/\/metrecubic.com\/ca\/#website","url":"https:\/\/metrecubic.com\/ca\/","name":"METRECUBIC","description":"Mudanzas y trasteros Sabadell y Girona","publisher":{"@id":"https:\/\/metrecubic.com\/ca\/#organization"},"potentialAction":[{"@type":"SearchAction","target":{"@type":"EntryPoint","urlTemplate":"https:\/\/metrecubic.com\/ca\/?s={search_term_string}"},"query-input":{"@type":"PropertyValueSpecification","valueRequired":true,"valueName":"search_term_string"}}],"inLanguage":"ca"},{"@type":"Organization","@id":"https:\/\/metrecubic.com\/ca\/#organization","name":"METRECUBIC","url":"https:\/\/metrecubic.com\/ca\/","logo":{"@type":"ImageObject","inLanguage":"ca","@id":"https:\/\/metrecubic.com\/ca\/#\/schema\/logo\/image\/","url":"https:\/\/metrecubic.com\/wp-content\/uploads\/logo-metrecubic.png","contentUrl":"https:\/\/metrecubic.com\/wp-content\/uploads\/logo-metrecubic.png","width":159,"height":159,"caption":"METRECUBIC"},"image":{"@id":"https:\/\/metrecubic.com\/ca\/#\/schema\/logo\/image\/"}}]}},"_links":{"self":[{"href":"https:\/\/metrecubic.com\/ca\/wp-json\/wp\/v2\/pages\/1819","targetHints":{"allow":["GET"]}}],"collection":[{"href":"https:\/\/metrecubic.com\/ca\/wp-json\/wp\/v2\/pages"}],"about":[{"href":"https:\/\/metrecubic.com\/ca\/wp-json\/wp\/v2\/types\/page"}],"author":[{"embeddable":true,"href":"https:\/\/metrecubic.com\/ca\/wp-json\/wp\/v2\/users\/1"}],"replies":[{"embeddable":true,"href":"https:\/\/metrecubic.com\/ca\/wp-json\/wp\/v2\/comments?post=1819"}],"version-history":[{"count":0,"href":"https:\/\/metrecubic.com\/ca\/wp-json\/wp\/v2\/pages\/1819\/revisions"}],"wp:attachment":[{"href":"https:\/\/metrecubic.com\/ca\/wp-json\/wp\/v2\/media?parent=1819"}],"curies":[{"name":"wp","href":"https:\/\/api.w.org\/{rel}","templated":true}]}}